{"id":3680,"date":"2025-03-11T08:34:11","date_gmt":"2025-03-11T08:34:11","guid":{"rendered":"https:\/\/ohmysake.com\/?post_type=product&#038;p=3680"},"modified":"2025-03-13T09:56:39","modified_gmt":"2025-03-13T09:56:39","slug":"riedel-daiginjo","status":"publish","type":"product","link":"https:\/\/ohmysake.com\/fr\/produit\/riedel-daiginjo\/","title":{"rendered":"Riedel Daiginjo"},"content":{"rendered":"<p>Riedel, le fabricant de verre n\u00b01 en mati\u00e8re de verres \u00ab sp\u00e9cifiques au c\u00e9page \u00bb. Ils ont transmis leur savoir-faire de plus de 260 ans et 11 g\u00e9n\u00e9rations au sak\u00e9.<\/p>\n<p>Ce verre a \u00e9t\u00e9 cr\u00e9\u00e9 en 1999, suivi de 2 ann\u00e9es d'utilisation intensive dans les ateliers de dizaines de brasseries. Cet \u00e9l\u00e9gant verre en forme d'\u0153uf pr\u00e9sente un bord bomb\u00e9 pour \u00e9quilibrer la douceur, l'acidit\u00e9 et l'amertume du sak\u00e9. En m\u00eame temps, il met parfaitement en valeur les bouquets fruit\u00e9s et floraux du sak\u00e9 DaiGinjo.<\/p>\n<p class=\"translation-block\"><b>Prijs per glas,<br>\r\ngeleverd in individuele Riedel koker.<\/b><\/p>\n<p>Fait \u00e0 la machine. Cristal.<\/p>\n<p class=\"translation-block\">Hauteur : 205 mm<br>\nDiam\u00e8tre : 75 mm<br>\nContenu : 38cl<\/p>","protected":false},"excerpt":{"rendered":"<p>Riedel, de n\u00b01 glasfabrikant als men spreekt over &#8220;druif specifieke&#8217; glazen. Ze hebben hun kennis van meer dan 260jaar &amp; 11 generaties lang, overgezet naar sake. Dit glas ontstond in 1999, gevolgd door 2jaar intens gebruik in workshops bij tientallen brouwerijen. Dit elegante eivormige glas is voorzien van een bolle rand om de zoetheid, de [&hellip;]<\/p>\n","protected":false},"featured_media":3681,"template":"","meta":[],"product_brand":[59],"product_cat":[53],"product_tag":[],"class_list":{"0":"post-3680","1":"product","2":"type-product","3":"status-publish","4":"has-post-thumbnail","6":"product_brand-accessoires","7":"product_cat-faccessoires","9":"first","10":"instock","11":"taxable","12":"shipping-taxable","13":"purchasable","14":"product-type-simple"},"_links":{"self":[{"href":"https:\/\/ohmysake.com\/fr\/wp-json\/wp\/v2\/product\/3680","targetHints":{"allow":["GET"]}}],"collection":[{"href":"https:\/\/ohmysake.com\/fr\/wp-json\/wp\/v2\/product"}],"about":[{"href":"https:\/\/ohmysake.com\/fr\/wp-json\/wp\/v2\/types\/product"}],"wp:featuredmedia":[{"embeddable":true,"href":"https:\/\/ohmysake.com\/fr\/wp-json\/wp\/v2\/media\/3681"}],"wp:attachment":[{"href":"https:\/\/ohmysake.com\/fr\/wp-json\/wp\/v2\/media?parent=3680"}],"wp:term":[{"taxonomy":"product_brand","embeddable":true,"href":"https:\/\/ohmysake.com\/fr\/wp-json\/wp\/v2\/product_brand?post=3680"},{"taxonomy":"product_cat","embeddable":true,"href":"https:\/\/ohmysake.com\/fr\/wp-json\/wp\/v2\/product_cat?post=3680"},{"taxonomy":"product_tag","embeddable":true,"href":"https:\/\/ohmysake.com\/fr\/wp-json\/wp\/v2\/product_tag?post=3680"}],"curies":[{"name":"wp","href":"https:\/\/api.w.org\/{rel}","templated":true}]}}