{"id":3676,"date":"2025-03-11T08:24:12","date_gmt":"2025-03-11T08:24:12","guid":{"rendered":"https:\/\/ohmysake.com\/?post_type=product&#038;p=3676"},"modified":"2025-03-13T09:57:00","modified_gmt":"2025-03-13T09:57:00","slug":"masu","status":"publish","type":"product","link":"https:\/\/ohmysake.com\/fr\/produit\/masu\/","title":{"rendered":"Masu"},"content":{"rendered":"<p>\u00c0 l'origine, les tasses masu \u00e9taient de petites bo\u00eetes carr\u00e9es en bois utilis\u00e9es au Japon au Moyen \u00c2ge pour mesurer les portions de riz.<\/p>\n<p>Intelligemment, la plupart des masu sont fabriqu\u00e9s \u00e0 partir de bois de hinoki ou de c\u00e8dre, qui ont des propri\u00e9t\u00e9s antibact\u00e9riennes naturelles pour garder les aliments et les boissons frais.<\/p>\n<p>Aujourd'hui, les masu sont laiss\u00e9s \u00e0 d\u00e9couvert et traditionnellement utilis\u00e9s pour boire du sak\u00e9 lors d'occasions sp\u00e9ciales telles que les anniversaires, les anniversaires de mariage ou les mariages. La tasse masu en bois compl\u00e8terait le sak\u00e9 traditionnellement brass\u00e9, car il est brass\u00e9 dans des f\u00fbts en bois. Ils d\u00e9gagent \u00e9galement un parfum bois\u00e9 et propre en prime et peuvent \u00eatre utilis\u00e9s comme r\u00e9cipient pour le petit verre ou comme tasse \u00e0 part enti\u00e8re.<\/p>\n<p>Dans la plupart des occasions impliquant du sak\u00e9, un verre \u00e0 sak\u00e9 est plac\u00e9 dans la tasse masu, sur laquelle l'h\u00f4te verse du sak\u00e9 jusqu'\u00e0 ce qu'il d\u00e9borde comme une cascade dans le masu. Le passage est un acte de gentillesse et de g\u00e9n\u00e9rosit\u00e9 de la part de l'h\u00f4te pour montrer son appr\u00e9ciation pour votre amiti\u00e9.<\/p>\n<p class=\"translation-block\">De standaardmaat van een masu is\u201d1go\u201d = 180ml\/gr.<br>\r\n1 masu was genoeg om een mens een dag te voeden.<\/p>\n<p>Le kanji japonais signifie Imayotsukasa, l'un de nos fournisseurs est \u00e0 Niigata.<\/p>","protected":false},"excerpt":{"rendered":"<p>Oorspronkelijk waren de masu cups kleine vierkante houten kistjes die in Japan tijdens de middeleeuwen werden gebruikt om rijstporties te meten. Slim, de meeste masu zijn gemaakt van hinoki of cederhout, die natuurlijke antibacteri\u00eble eigenschappen hebben om voedsel en drank vers te houden. Vandaag worden masu zonder deksel en traditioneel gebruikt om sake te drinken [&hellip;]<\/p>\n","protected":false},"featured_media":3677,"template":"","meta":[],"product_brand":[59],"product_cat":[53],"product_tag":[49],"class_list":{"0":"post-3676","1":"product","2":"type-product","3":"status-publish","4":"has-post-thumbnail","6":"product_brand-accessoires","7":"product_cat-faccessoires","8":"product_tag-niigata","10":"first","11":"instock","12":"taxable","13":"shipping-taxable","14":"purchasable","15":"product-type-simple"},"_links":{"self":[{"href":"https:\/\/ohmysake.com\/fr\/wp-json\/wp\/v2\/product\/3676","targetHints":{"allow":["GET"]}}],"collection":[{"href":"https:\/\/ohmysake.com\/fr\/wp-json\/wp\/v2\/product"}],"about":[{"href":"https:\/\/ohmysake.com\/fr\/wp-json\/wp\/v2\/types\/product"}],"wp:featuredmedia":[{"embeddable":true,"href":"https:\/\/ohmysake.com\/fr\/wp-json\/wp\/v2\/media\/3677"}],"wp:attachment":[{"href":"https:\/\/ohmysake.com\/fr\/wp-json\/wp\/v2\/media?parent=3676"}],"wp:term":[{"taxonomy":"product_brand","embeddable":true,"href":"https:\/\/ohmysake.com\/fr\/wp-json\/wp\/v2\/product_brand?post=3676"},{"taxonomy":"product_cat","embeddable":true,"href":"https:\/\/ohmysake.com\/fr\/wp-json\/wp\/v2\/product_cat?post=3676"},{"taxonomy":"product_tag","embeddable":true,"href":"https:\/\/ohmysake.com\/fr\/wp-json\/wp\/v2\/product_tag?post=3676"}],"curies":[{"name":"wp","href":"https:\/\/api.w.org\/{rel}","templated":true}]}}