{"id":3674,"date":"2025-03-11T08:21:34","date_gmt":"2025-03-11T08:21:34","guid":{"rendered":"https:\/\/ohmysake.com\/?post_type=product&#038;p=3674"},"modified":"2025-12-14T11:45:45","modified_gmt":"2025-12-14T11:45:45","slug":"lehmann-synergie-sake-set","status":"publish","type":"product","link":"https:\/\/ohmysake.com\/fr\/produit\/lehmann-synergie-sake-set\/","title":{"rendered":"Lehmann Synergie Sake Set"},"content":{"rendered":"<p>COLLECTION SIGNATURE P. JAMESSE<\/p>\n<p>Ce sak\u00e9 souffl\u00e9 \u00e0 la bouche rend l'exp\u00e9rience de d\u00e9gustation du sak\u00e9 compl\u00e8te. Il peut \u00e9galement \u00eatre utilis\u00e9 pour un cocktail raffin\u00e9.<\/p>\n<p>Apr\u00e8s deux ans de recherche et d\u00e9veloppement, le proc\u00e9d\u00e9 innovant \u00ab Ultralight \u00bb est enfin disponible. Cette technique de fabrication, alliant finesse exceptionnelle et l\u00e9g\u00e8ret\u00e9 optimale, donne l\u2019effet \u00ab waouh \u00bb \u00e0 nos collections signatures souffl\u00e9es bouche et souffl\u00e9es machine !<\/p>\n<p>Un verre sp\u00e9cialement con\u00e7u pour le march\u00e9 japonais mais \u00e9galement disponible chez nous.<\/p>\n<p><b>Prix \u200b\u200bpar bo\u00eete de deux pi\u00e8ces.<\/b><\/p>\n<p>Cristallin sans plomb<\/p>\n<p>Hauteur : 220 mm<\/p>\n<p>Diam\u00e8tre : 90 mm<\/p>\n<p>Contenu : 40cl<\/p>\n<p>Int\u00e9ress\u00e9 par 6 verres, contactez-nous !<\/p>","protected":false},"excerpt":{"rendered":"<p>COLLECTION SIGNATURE P. JAMESSE Dit mondgeblazen \u00a0maakt de ervaring rond bij het degusteren van sak\u00e9. Het kan eveneens gebruikt worden voor een verfijnde cocktail. Na twee jaar van onderzoek &amp; ontwikkeling is het innovatieve &#8220;Ultralight&#8221; proces eindelijk beschikbaar. Deze productietechniek, die een uitzonderlijke finesse en een optimale lichtheid combineert, geeft het &#8220;wow&#8221;-effect van onze kenmerkende [&hellip;]<\/p>\n","protected":false},"featured_media":3675,"template":"","meta":[],"product_brand":[59],"product_cat":[53],"product_tag":[],"class_list":{"0":"post-3674","1":"product","2":"type-product","3":"status-publish","4":"has-post-thumbnail","6":"product_brand-accessoires","7":"product_cat-faccessoires","9":"first","10":"outofstock","11":"taxable","12":"shipping-taxable","13":"purchasable","14":"product-type-simple"},"_links":{"self":[{"href":"https:\/\/ohmysake.com\/fr\/wp-json\/wp\/v2\/product\/3674","targetHints":{"allow":["GET"]}}],"collection":[{"href":"https:\/\/ohmysake.com\/fr\/wp-json\/wp\/v2\/product"}],"about":[{"href":"https:\/\/ohmysake.com\/fr\/wp-json\/wp\/v2\/types\/product"}],"wp:featuredmedia":[{"embeddable":true,"href":"https:\/\/ohmysake.com\/fr\/wp-json\/wp\/v2\/media\/3675"}],"wp:attachment":[{"href":"https:\/\/ohmysake.com\/fr\/wp-json\/wp\/v2\/media?parent=3674"}],"wp:term":[{"taxonomy":"product_brand","embeddable":true,"href":"https:\/\/ohmysake.com\/fr\/wp-json\/wp\/v2\/product_brand?post=3674"},{"taxonomy":"product_cat","embeddable":true,"href":"https:\/\/ohmysake.com\/fr\/wp-json\/wp\/v2\/product_cat?post=3674"},{"taxonomy":"product_tag","embeddable":true,"href":"https:\/\/ohmysake.com\/fr\/wp-json\/wp\/v2\/product_tag?post=3674"}],"curies":[{"name":"wp","href":"https:\/\/api.w.org\/{rel}","templated":true}]}}