{"id":3666,"date":"2025-03-10T08:35:05","date_gmt":"2025-03-10T08:35:05","guid":{"rendered":"https:\/\/ohmysake.com\/?post_type=product&#038;p=3666"},"modified":"2025-03-10T08:38:25","modified_gmt":"2025-03-10T08:38:25","slug":"maihime","status":"publish","type":"product","link":"https:\/\/ohmysake.com\/fr\/produit\/maihime\/","title":{"rendered":"Maihime"},"content":{"rendered":"<p>Avec 25 % d'alcool, ce shochu \u00e0 base de patate douce est plus faible que le whisky ou la vodka ordinaire, mais plus fort que le vin ou le sak\u00e9.<\/p>\n<p>C'est le produit signature de la brasserie Izumi. Au cours de leur processus de production, ils ont utilis\u00e9 \u00e0 la fois du koji blanc et du koji noir. Cela donne un shochu doux et complexe avec une note fum\u00e9e rappelant certains whiskies.<\/p>\n<p>M\u00e9daille d'or au \u00ab Los Angeles Spirit Monde Selection Gold Award \u00bb<\/p>\n<p>Essayez celui-ci de diff\u00e9rentes mani\u00e8res\u00a0:<\/p>\n<div>\u2022 Pur<\/div>\n<div>\u2022 On the rocks<\/div>\n<div>\u2022 M\u00e9lang\u00e9 avec de l\u2019eau ti\u00e8de ou ti\u00e8de.<\/div>\n<div>\u2022 M\u00e9lang\u00e9 avec du th\u00e9 (oolong) ou du jus de fruits.<\/div>\n<div>\u2022 En cocktail, d\u00e9couvrez nos cocktails pour \u00e7a !<\/div>","protected":false},"excerpt":{"rendered":"<p class=\"translation-block\"><strong>Brasserie<\/strong>\u00a0: Brasserie Izumi (Kagoshima)<br>\n<strong>Type<\/strong>\u00a0: Shochu<br>\n<strong>Alcool<\/strong>\u00a0: 25\u00a0%<br>\n<strong>Contenu<\/strong>\u00a0: 900\u00a0ml<\/p>","protected":false},"featured_media":3667,"template":"","meta":[],"product_brand":[],"product_cat":[56],"product_tag":[],"class_list":{"0":"post-3666","1":"product","2":"type-product","3":"status-publish","4":"has-post-thumbnail","6":"product_cat-dshochu","8":"first","9":"instock","10":"taxable","11":"shipping-taxable","12":"purchasable","13":"product-type-simple"},"_links":{"self":[{"href":"https:\/\/ohmysake.com\/fr\/wp-json\/wp\/v2\/product\/3666","targetHints":{"allow":["GET"]}}],"collection":[{"href":"https:\/\/ohmysake.com\/fr\/wp-json\/wp\/v2\/product"}],"about":[{"href":"https:\/\/ohmysake.com\/fr\/wp-json\/wp\/v2\/types\/product"}],"wp:featuredmedia":[{"embeddable":true,"href":"https:\/\/ohmysake.com\/fr\/wp-json\/wp\/v2\/media\/3667"}],"wp:attachment":[{"href":"https:\/\/ohmysake.com\/fr\/wp-json\/wp\/v2\/media?parent=3666"}],"wp:term":[{"taxonomy":"product_brand","embeddable":true,"href":"https:\/\/ohmysake.com\/fr\/wp-json\/wp\/v2\/product_brand?post=3666"},{"taxonomy":"product_cat","embeddable":true,"href":"https:\/\/ohmysake.com\/fr\/wp-json\/wp\/v2\/product_cat?post=3666"},{"taxonomy":"product_tag","embeddable":true,"href":"https:\/\/ohmysake.com\/fr\/wp-json\/wp\/v2\/product_tag?post=3666"}],"curies":[{"name":"wp","href":"https:\/\/api.w.org\/{rel}","templated":true}]}}