{"id":3662,"date":"2025-03-10T08:28:31","date_gmt":"2025-03-10T08:28:31","guid":{"rendered":"https:\/\/ohmysake.com\/?post_type=product&#038;p=3662"},"modified":"2025-03-10T08:29:42","modified_gmt":"2025-03-10T08:29:42","slug":"yasonosuke-single-rice","status":"publish","type":"product","link":"https:\/\/ohmysake.com\/fr\/produit\/yasonosuke-single-rice\/","title":{"rendered":"Yasonosuke Single Rice"},"content":{"rendered":"<div class=\"w-text\">\n<p>La distillerie Yamato est \u00e0 l'origine une brasserie de Shochu qui a gard\u00e9 secr\u00e8te sa passion pour le whisky. Ils ont fait m\u00fbrir davantage ce shochu de riz dans des f\u00fbts de ch\u00eane blanc pour permettre aux ar\u00f4mes typiques du whisky d'\u00e9merger.<\/p>\n<p>Gr\u00e2ce en partie au gouvernement japonais, ce vin est autoris\u00e9 \u00e0 \u00eatre appel\u00e9 whisky. Deux boissons nationales embl\u00e9matiques et fortes qui ont uni leurs forces.<\/p>\n<\/div>","protected":false},"excerpt":{"rendered":"<p class=\"translation-block\"><strong>Brasserie<\/strong> : Morino Sakagura (Kumamoto)<br>\n<strong>Type<\/strong>\u00a0: Whisky japonais \u2013 Single Malt<br>\n<strong>Alcool<\/strong>\u00a0: 43\u00a0%<br>\n<strong>Contenu<\/strong>\u00a0: 750\u00a0ml<\/p>","protected":false},"featured_media":3663,"template":"","meta":[],"product_brand":[],"product_cat":[57],"product_tag":[87],"class_list":{"0":"post-3662","1":"product","2":"type-product","3":"status-publish","4":"has-post-thumbnail","6":"product_cat-ewhisky","7":"product_tag-kumamoto","9":"first","10":"instock","11":"taxable","12":"shipping-taxable","13":"purchasable","14":"product-type-simple"},"_links":{"self":[{"href":"https:\/\/ohmysake.com\/fr\/wp-json\/wp\/v2\/product\/3662","targetHints":{"allow":["GET"]}}],"collection":[{"href":"https:\/\/ohmysake.com\/fr\/wp-json\/wp\/v2\/product"}],"about":[{"href":"https:\/\/ohmysake.com\/fr\/wp-json\/wp\/v2\/types\/product"}],"wp:featuredmedia":[{"embeddable":true,"href":"https:\/\/ohmysake.com\/fr\/wp-json\/wp\/v2\/media\/3663"}],"wp:attachment":[{"href":"https:\/\/ohmysake.com\/fr\/wp-json\/wp\/v2\/media?parent=3662"}],"wp:term":[{"taxonomy":"product_brand","embeddable":true,"href":"https:\/\/ohmysake.com\/fr\/wp-json\/wp\/v2\/product_brand?post=3662"},{"taxonomy":"product_cat","embeddable":true,"href":"https:\/\/ohmysake.com\/fr\/wp-json\/wp\/v2\/product_cat?post=3662"},{"taxonomy":"product_tag","embeddable":true,"href":"https:\/\/ohmysake.com\/fr\/wp-json\/wp\/v2\/product_tag?post=3662"}],"curies":[{"name":"wp","href":"https:\/\/api.w.org\/{rel}","templated":true}]}}