{"id":3658,"date":"2025-03-10T08:20:11","date_gmt":"2025-03-10T08:20:11","guid":{"rendered":"https:\/\/ohmysake.com\/?post_type=product&#038;p=3658"},"modified":"2025-03-10T08:22:52","modified_gmt":"2025-03-10T08:22:52","slug":"azumino-umeshu","status":"publish","type":"product","link":"https:\/\/ohmysake.com\/fr\/produit\/azumino-umeshu\/","title":{"rendered":"Azumino Umeshu"},"content":{"rendered":"<p>C'est un vin de prune riche \u00e9labor\u00e9 \u00e0 partir de sak\u00e9 non dilu\u00e9, ce qui est rare dans tout le pays. Les prunes nutritives cultiv\u00e9es \u00e0 Azumino, une r\u00e9gion riche en nature qui s'\u00e9tend au pied des Alpes du Nord, et les prunes command\u00e9es \u00e0 Yamanashi au pied des Alpes du Sud, sont s\u00e9lectionn\u00e9es et brass\u00e9es avec de l'eau souterraine claire des Alpes du Nord et du riz \u00e0 sak\u00e9 sain d'Azumino.<\/p>\n<p>Le sak\u00e9 non transform\u00e9 a une teneur en alcool inf\u00e9rieure \u00e0 celle du shochu et du brandy, et il est difficile de brasser du vin de prune, mais compar\u00e9 \u00e0 d'autres choses, le go\u00fbt est doux et tr\u00e8s facile \u00e0 boire. De plus, comme il a vieilli pendant huit ans, il contient de nombreux extraits de prune et vous ne pouvez go\u00fbter le miel ajout\u00e9 m\u00e9lang\u00e9 avec celui-ci nulle part ailleurs.<\/p>","protected":false},"excerpt":{"rendered":"<p class=\"additional-information translation-block\"><strong>Brasserie<\/strong>\u00a0: Brasserie Fukugen (Kitaazumigun, Nagano)<br>\n<strong>Type<\/strong>\u00a0: Liqueur japonaise<br>\n<strong>Alcool<\/strong>\u00a0: 17\u00a0%<br>\n<strong>Contenu<\/strong>\u00a0: 500\u00a0ml<br>\n<strong>Temp\u00e9rature de service<\/strong> : 5-8\u00b0C<\/p>","protected":false},"featured_media":3659,"template":"","meta":[],"product_brand":[],"product_cat":[55],"product_tag":[79],"class_list":{"0":"post-3658","1":"product","2":"type-product","3":"status-publish","4":"has-post-thumbnail","6":"product_cat-cjapanse-likeuren","7":"product_tag-nagano","9":"first","10":"instock","11":"taxable","12":"shipping-taxable","13":"purchasable","14":"product-type-simple"},"_links":{"self":[{"href":"https:\/\/ohmysake.com\/fr\/wp-json\/wp\/v2\/product\/3658","targetHints":{"allow":["GET"]}}],"collection":[{"href":"https:\/\/ohmysake.com\/fr\/wp-json\/wp\/v2\/product"}],"about":[{"href":"https:\/\/ohmysake.com\/fr\/wp-json\/wp\/v2\/types\/product"}],"wp:featuredmedia":[{"embeddable":true,"href":"https:\/\/ohmysake.com\/fr\/wp-json\/wp\/v2\/media\/3659"}],"wp:attachment":[{"href":"https:\/\/ohmysake.com\/fr\/wp-json\/wp\/v2\/media?parent=3658"}],"wp:term":[{"taxonomy":"product_brand","embeddable":true,"href":"https:\/\/ohmysake.com\/fr\/wp-json\/wp\/v2\/product_brand?post=3658"},{"taxonomy":"product_cat","embeddable":true,"href":"https:\/\/ohmysake.com\/fr\/wp-json\/wp\/v2\/product_cat?post=3658"},{"taxonomy":"product_tag","embeddable":true,"href":"https:\/\/ohmysake.com\/fr\/wp-json\/wp\/v2\/product_tag?post=3658"}],"curies":[{"name":"wp","href":"https:\/\/api.w.org\/{rel}","templated":true}]}}