{"id":3656,"date":"2025-03-10T08:19:50","date_gmt":"2025-03-10T08:19:50","guid":{"rendered":"https:\/\/ohmysake.com\/?post_type=product&#038;p=3656"},"modified":"2025-03-10T08:19:50","modified_gmt":"2025-03-10T08:19:50","slug":"mikanshu","status":"publish","type":"product","link":"https:\/\/ohmysake.com\/fr\/produit\/mikanshu\/","title":{"rendered":"Mikanshu"},"content":{"rendered":"<p>Le mikan, la cl\u00e9mentine japonaise, a \u00e9t\u00e9 mac\u00e9r\u00e9 pendant des mois dans du shochu pour extraire la saveur du fruit et la mettre dans la boisson. Le go\u00fbt est ensuite \u00e9quilibr\u00e9 en ajoutant du sak\u00e9 et du sucre.<\/p>\n<p>Ce mikanshu vient d'Arita, la ville d'Arita est connue comme un important producteur d'\u00ab oranges d'Arita \u00bb avec une histoire et une tradition de 400 ans.<\/p>\n<p>Nous pouvons interpr\u00e9ter cette saveur comme un bouquet de cl\u00e9mentine japonaise qui surprend beaucoup par la fra\u00eecheur expressive d'un go\u00fbt frais-sucr\u00e9 tout au long de l'arri\u00e8re-go\u00fbt m\u00fbr. Ce mikanshu est tr\u00e8s bien \u00e9quilibr\u00e9.<\/p>","protected":false},"excerpt":{"rendered":"<p class=\"translation-block\"><strong>Brasserie<\/strong>\u00a0: Brasserie Sekai Itto (Wakayama)<br>\n<strong>Type<\/strong>\u00a0: liqueur japonaise<br>\n<strong>Alcool<\/strong>\u00a0: 8\u00a0%<br>\n<strong>Contenu<\/strong>\u00a0: 720\u00a0ml<br>\n<strong>Temp\u00e9rature de service<\/strong> : 5-8\u00b0C<\/p>","protected":false},"featured_media":3657,"template":"","meta":[],"product_brand":[],"product_cat":[55],"product_tag":[84],"class_list":{"0":"post-3656","1":"product","2":"type-product","3":"status-publish","4":"has-post-thumbnail","6":"product_cat-cjapanse-likeuren","7":"product_tag-wakayama","9":"first","10":"instock","11":"taxable","12":"shipping-taxable","13":"purchasable","14":"product-type-simple"},"_links":{"self":[{"href":"https:\/\/ohmysake.com\/fr\/wp-json\/wp\/v2\/product\/3656","targetHints":{"allow":["GET"]}}],"collection":[{"href":"https:\/\/ohmysake.com\/fr\/wp-json\/wp\/v2\/product"}],"about":[{"href":"https:\/\/ohmysake.com\/fr\/wp-json\/wp\/v2\/types\/product"}],"wp:featuredmedia":[{"embeddable":true,"href":"https:\/\/ohmysake.com\/fr\/wp-json\/wp\/v2\/media\/3657"}],"wp:attachment":[{"href":"https:\/\/ohmysake.com\/fr\/wp-json\/wp\/v2\/media?parent=3656"}],"wp:term":[{"taxonomy":"product_brand","embeddable":true,"href":"https:\/\/ohmysake.com\/fr\/wp-json\/wp\/v2\/product_brand?post=3656"},{"taxonomy":"product_cat","embeddable":true,"href":"https:\/\/ohmysake.com\/fr\/wp-json\/wp\/v2\/product_cat?post=3656"},{"taxonomy":"product_tag","embeddable":true,"href":"https:\/\/ohmysake.com\/fr\/wp-json\/wp\/v2\/product_tag?post=3656"}],"curies":[{"name":"wp","href":"https:\/\/api.w.org\/{rel}","templated":true}]}}