{"id":3654,"date":"2025-03-10T08:13:59","date_gmt":"2025-03-10T08:13:59","guid":{"rendered":"https:\/\/ohmysake.com\/?post_type=product&#038;p=3654"},"modified":"2025-03-10T08:16:00","modified_gmt":"2025-03-10T08:16:00","slug":"kabosushu","status":"publish","type":"product","link":"https:\/\/ohmysake.com\/fr\/produit\/kabosushu\/","title":{"rendered":"Kabosushu"},"content":{"rendered":"<p>Le Kabosu est un agrume japonais qui pousse principalement dans la pr\u00e9fecture d'Oita. Un agrumes plus acide que le yuzu qui donne une belle fra\u00eecheur lorsqu'il est utilis\u00e9 comme \u00e9pice sur du poisson grill\u00e9, du sashimi ou du rago\u00fbt, des champignons, dans la pr\u00e9paration de sauces ponzu, de p\u00e2tisseries et de glaces. Dans les cocktails, cela donne une touche surprenante, mais peut certainement aussi \u00eatre bu avec des boissons gazeuses et de la bi\u00e8re.<\/p>","protected":false},"excerpt":{"rendered":"<p class=\"additional-information translation-block\"><strong>Brasserie<\/strong>\u00a0: Brasserie Ono (Yufu, Oita)<br>\n<strong>Type<\/strong>\u00a0: Liqueur japonaise<br>\n<strong>Alcool<\/strong>\u00a0: 7\u00a0%<br>\n<strong>Contenu<\/strong>\u00a0: 720\u00a0ml<br>\n<strong>Temp\u00e9rature de service<\/strong> : 5-8\u00b0C<\/p>","protected":false},"featured_media":3655,"template":"","meta":[],"product_brand":[],"product_cat":[55],"product_tag":[88],"class_list":{"0":"post-3654","1":"product","2":"type-product","3":"status-publish","4":"has-post-thumbnail","6":"product_cat-cjapanse-likeuren","7":"product_tag-oita","9":"first","10":"instock","11":"taxable","12":"shipping-taxable","13":"purchasable","14":"product-type-simple"},"_links":{"self":[{"href":"https:\/\/ohmysake.com\/fr\/wp-json\/wp\/v2\/product\/3654","targetHints":{"allow":["GET"]}}],"collection":[{"href":"https:\/\/ohmysake.com\/fr\/wp-json\/wp\/v2\/product"}],"about":[{"href":"https:\/\/ohmysake.com\/fr\/wp-json\/wp\/v2\/types\/product"}],"wp:featuredmedia":[{"embeddable":true,"href":"https:\/\/ohmysake.com\/fr\/wp-json\/wp\/v2\/media\/3655"}],"wp:attachment":[{"href":"https:\/\/ohmysake.com\/fr\/wp-json\/wp\/v2\/media?parent=3654"}],"wp:term":[{"taxonomy":"product_brand","embeddable":true,"href":"https:\/\/ohmysake.com\/fr\/wp-json\/wp\/v2\/product_brand?post=3654"},{"taxonomy":"product_cat","embeddable":true,"href":"https:\/\/ohmysake.com\/fr\/wp-json\/wp\/v2\/product_cat?post=3654"},{"taxonomy":"product_tag","embeddable":true,"href":"https:\/\/ohmysake.com\/fr\/wp-json\/wp\/v2\/product_tag?post=3654"}],"curies":[{"name":"wp","href":"https:\/\/api.w.org\/{rel}","templated":true}]}}