{"id":3652,"date":"2025-03-10T08:12:03","date_gmt":"2025-03-10T08:12:03","guid":{"rendered":"https:\/\/ohmysake.com\/?post_type=product&#038;p=3652"},"modified":"2025-10-03T05:11:53","modified_gmt":"2025-10-03T05:11:53","slug":"lycheeshu","status":"publish","type":"product","link":"https:\/\/ohmysake.com\/fr\/produit\/lycheeshu\/","title":{"rendered":"Lycheeshu"},"content":{"rendered":"<p>Outre le yuzu et le kabosu, cette brasserie sait exactement comment traiter les fruits rouges. Le litchi \u00e9tait l\u2019une de leurs exp\u00e9riences et a \u00e9t\u00e9 r\u00e9cemment introduit sur le march\u00e9. Comme le yuzushu, ce litchi poss\u00e8de un niveau de puret\u00e9 incroyable. Tout est fait pour faire ressortir le litchi sans qu'il devienne r\u00e9gliss\u00e9 ou sucr\u00e9, cela assure une naturalit\u00e9 in\u00e9dite avec seulement 7% d'alcool.<\/p>","protected":false},"excerpt":{"rendered":"<p class=\"additional-information translation-block\"><strong>Brasserie<\/strong>\u00a0: Brasserie Ono (Yufu, Oita)<br>\n<strong>Type<\/strong>\u00a0: Liqueur japonaise<br>\n<strong>Alcool<\/strong>\u00a0: 7\u00a0%<br>\n<strong>Contenu<\/strong>\u00a0: 720\u00a0ml<br>\n<strong>Temp\u00e9rature de service<\/strong> : 5-8\u00b0C<\/p>","protected":false},"featured_media":3653,"template":"","meta":[],"product_brand":[],"product_cat":[55],"product_tag":[88],"class_list":{"0":"post-3652","1":"product","2":"type-product","3":"status-publish","4":"has-post-thumbnail","6":"product_cat-cjapanse-likeuren","7":"product_tag-oita","9":"first","10":"instock","11":"taxable","12":"shipping-taxable","13":"purchasable","14":"product-type-simple"},"_links":{"self":[{"href":"https:\/\/ohmysake.com\/fr\/wp-json\/wp\/v2\/product\/3652","targetHints":{"allow":["GET"]}}],"collection":[{"href":"https:\/\/ohmysake.com\/fr\/wp-json\/wp\/v2\/product"}],"about":[{"href":"https:\/\/ohmysake.com\/fr\/wp-json\/wp\/v2\/types\/product"}],"wp:featuredmedia":[{"embeddable":true,"href":"https:\/\/ohmysake.com\/fr\/wp-json\/wp\/v2\/media\/3653"}],"wp:attachment":[{"href":"https:\/\/ohmysake.com\/fr\/wp-json\/wp\/v2\/media?parent=3652"}],"wp:term":[{"taxonomy":"product_brand","embeddable":true,"href":"https:\/\/ohmysake.com\/fr\/wp-json\/wp\/v2\/product_brand?post=3652"},{"taxonomy":"product_cat","embeddable":true,"href":"https:\/\/ohmysake.com\/fr\/wp-json\/wp\/v2\/product_cat?post=3652"},{"taxonomy":"product_tag","embeddable":true,"href":"https:\/\/ohmysake.com\/fr\/wp-json\/wp\/v2\/product_tag?post=3652"}],"curies":[{"name":"wp","href":"https:\/\/api.w.org\/{rel}","templated":true}]}}