{"id":3650,"date":"2025-03-10T08:08:29","date_gmt":"2025-03-10T08:08:29","guid":{"rendered":"https:\/\/ohmysake.com\/?post_type=product&#038;p=3650"},"modified":"2025-10-03T05:12:52","modified_gmt":"2025-10-03T05:12:52","slug":"yuzushu","status":"publish","type":"product","link":"https:\/\/ohmysake.com\/fr\/produit\/yuzushu\/","title":{"rendered":"Yuzushu"},"content":{"rendered":"<p>Le Yuzu, l'agrume japonais entre notre citron et notre citron vert. Le go\u00fbt du yuzu est moins piquant et beaucoup plus subtil que celui d'un citron europ\u00e9en. En combinaison avec de la liqueur, \u00e9quilibr\u00e9e avec du sirop de ma\u00efs, cela offre un naturel sans pr\u00e9c\u00e9dent avec seulement 7% d'alcool. Mot cl\u00e9 pour ce produit : Puret\u00e9.<\/p>","protected":false},"excerpt":{"rendered":"<p class=\"additional-information translation-block\"><strong>Brasserie<\/strong>\u00a0: Brasserie Ono (Yufu, Oita)<br>\n<strong>Type<\/strong>\u00a0: Liqueur japonaise<br>\n<strong>Alcool<\/strong>\u00a0: 7\u00a0%<br>\n<strong>Contenu<\/strong>\u00a0: 720\u00a0ml<br>\n<strong>Temp\u00e9rature de service<\/strong> : 5-8\u00b0C<\/p>","protected":false},"featured_media":3651,"template":"","meta":[],"product_brand":[],"product_cat":[55],"product_tag":[88],"class_list":{"0":"post-3650","1":"product","2":"type-product","3":"status-publish","4":"has-post-thumbnail","6":"product_cat-cjapanse-likeuren","7":"product_tag-oita","9":"first","10":"instock","11":"taxable","12":"shipping-taxable","13":"purchasable","14":"product-type-simple"},"_links":{"self":[{"href":"https:\/\/ohmysake.com\/fr\/wp-json\/wp\/v2\/product\/3650","targetHints":{"allow":["GET"]}}],"collection":[{"href":"https:\/\/ohmysake.com\/fr\/wp-json\/wp\/v2\/product"}],"about":[{"href":"https:\/\/ohmysake.com\/fr\/wp-json\/wp\/v2\/types\/product"}],"wp:featuredmedia":[{"embeddable":true,"href":"https:\/\/ohmysake.com\/fr\/wp-json\/wp\/v2\/media\/3651"}],"wp:attachment":[{"href":"https:\/\/ohmysake.com\/fr\/wp-json\/wp\/v2\/media?parent=3650"}],"wp:term":[{"taxonomy":"product_brand","embeddable":true,"href":"https:\/\/ohmysake.com\/fr\/wp-json\/wp\/v2\/product_brand?post=3650"},{"taxonomy":"product_cat","embeddable":true,"href":"https:\/\/ohmysake.com\/fr\/wp-json\/wp\/v2\/product_cat?post=3650"},{"taxonomy":"product_tag","embeddable":true,"href":"https:\/\/ohmysake.com\/fr\/wp-json\/wp\/v2\/product_tag?post=3650"}],"curies":[{"name":"wp","href":"https:\/\/api.w.org\/{rel}","templated":true}]}}