{"id":3646,"date":"2025-03-09T16:07:23","date_gmt":"2025-03-09T16:07:23","guid":{"rendered":"https:\/\/ohmysake.com\/?post_type=product&#038;p=3646"},"modified":"2025-03-09T16:08:10","modified_gmt":"2025-03-09T16:08:10","slug":"umeshu-groene-thee","status":"publish","type":"product","link":"https:\/\/ohmysake.com\/fr\/produit\/umeshu-groene-thee\/","title":{"rendered":"Umeshu + Th\u00e9 vert"},"content":{"rendered":"<p>L'Umeshu a \u00e9t\u00e9 rejoint ici par le th\u00e9 gyokuro. Les feuilles de th\u00e9 ne peuvent \u00eatre r\u00e9colt\u00e9es qu'une fois par an et sont connues pour leur qualit\u00e9.<\/p>\n<p>Geinfuseerd bij de umeshu geeft dit een geweldig nieuw drankje die de smaak van thee sterk accentueert.<\/p>","protected":false},"excerpt":{"rendered":"<p class=\"additional-information translation-block\">Brasserie\u00a0: Kitagawa Honke (Fushimi, Kyoto)\n<strong>Type<\/strong>\u00a0: Liqueur japonaise<br>\n<strong>Alcool<\/strong>\u00a0: 12\u00a0%<br>\n<strong>Contenu<\/strong>\u00a0: 720\u00a0ml<br>\n<strong>Temp\u00e9rature de service<\/strong> : 5-8\u00b0C<\/p>","protected":false},"featured_media":3647,"template":"","meta":[],"product_brand":[],"product_cat":[55],"product_tag":[83],"class_list":{"0":"post-3646","1":"product","2":"type-product","3":"status-publish","4":"has-post-thumbnail","6":"product_cat-cjapanse-likeuren","7":"product_tag-kyoto","9":"first","10":"instock","11":"taxable","12":"shipping-taxable","13":"purchasable","14":"product-type-simple"},"_links":{"self":[{"href":"https:\/\/ohmysake.com\/fr\/wp-json\/wp\/v2\/product\/3646","targetHints":{"allow":["GET"]}}],"collection":[{"href":"https:\/\/ohmysake.com\/fr\/wp-json\/wp\/v2\/product"}],"about":[{"href":"https:\/\/ohmysake.com\/fr\/wp-json\/wp\/v2\/types\/product"}],"wp:featuredmedia":[{"embeddable":true,"href":"https:\/\/ohmysake.com\/fr\/wp-json\/wp\/v2\/media\/3647"}],"wp:attachment":[{"href":"https:\/\/ohmysake.com\/fr\/wp-json\/wp\/v2\/media?parent=3646"}],"wp:term":[{"taxonomy":"product_brand","embeddable":true,"href":"https:\/\/ohmysake.com\/fr\/wp-json\/wp\/v2\/product_brand?post=3646"},{"taxonomy":"product_cat","embeddable":true,"href":"https:\/\/ohmysake.com\/fr\/wp-json\/wp\/v2\/product_cat?post=3646"},{"taxonomy":"product_tag","embeddable":true,"href":"https:\/\/ohmysake.com\/fr\/wp-json\/wp\/v2\/product_tag?post=3646"}],"curies":[{"name":"wp","href":"https:\/\/api.w.org\/{rel}","templated":true}]}}