{"id":3642,"date":"2025-03-09T16:00:11","date_gmt":"2025-03-09T16:00:11","guid":{"rendered":"https:\/\/ohmysake.com\/?post_type=product&#038;p=3642"},"modified":"2025-10-03T05:14:05","modified_gmt":"2025-10-03T05:14:05","slug":"umeshu-shiso","status":"publish","type":"product","link":"https:\/\/ohmysake.com\/fr\/produit\/umeshu-shiso\/","title":{"rendered":"Umeshu + Shiso"},"content":{"rendered":"<p>Le shiso est une plante qui appartient \u00e0 la famille de la menthe. Il a une odeur particuli\u00e8re et piquante et un go\u00fbt fin qui rappelle vaguement celui du basilic.<\/p>\n<p>Un nom couramment utilis\u00e9 est le basilic japonais.<\/p>\n<p>Infus\u00e9 avec l'umeshu, cela donne une nouvelle boisson merveilleuse qui adoucit la saveur de l'umeshu et lui donne une touche botanique. Tr\u00e8s accessible gr\u00e2ce \u00e0 ce piquant doux.<\/p>","protected":false},"excerpt":{"rendered":"<p class=\"additional-information translation-block\">Brasserie\u00a0: Kitagawa Honke (Fushimi, Kyoto)\n<strong>Type<\/strong>\u00a0: Liqueur japonaise<br>\n<strong>Alcool<\/strong>\u00a0: 12\u00a0%<br>\n<strong>Contenu<\/strong>\u00a0: 720\u00a0ml<br>\n<strong>Temp\u00e9rature de service<\/strong> : 5-8\u00b0C<\/p>","protected":false},"featured_media":3645,"template":"","meta":[],"product_brand":[],"product_cat":[55],"product_tag":[83],"class_list":{"0":"post-3642","1":"product","2":"type-product","3":"status-publish","4":"has-post-thumbnail","6":"product_cat-cjapanse-likeuren","7":"product_tag-kyoto","9":"first","10":"instock","11":"taxable","12":"shipping-taxable","13":"purchasable","14":"product-type-simple"},"_links":{"self":[{"href":"https:\/\/ohmysake.com\/fr\/wp-json\/wp\/v2\/product\/3642","targetHints":{"allow":["GET"]}}],"collection":[{"href":"https:\/\/ohmysake.com\/fr\/wp-json\/wp\/v2\/product"}],"about":[{"href":"https:\/\/ohmysake.com\/fr\/wp-json\/wp\/v2\/types\/product"}],"wp:featuredmedia":[{"embeddable":true,"href":"https:\/\/ohmysake.com\/fr\/wp-json\/wp\/v2\/media\/3645"}],"wp:attachment":[{"href":"https:\/\/ohmysake.com\/fr\/wp-json\/wp\/v2\/media?parent=3642"}],"wp:term":[{"taxonomy":"product_brand","embeddable":true,"href":"https:\/\/ohmysake.com\/fr\/wp-json\/wp\/v2\/product_brand?post=3642"},{"taxonomy":"product_cat","embeddable":true,"href":"https:\/\/ohmysake.com\/fr\/wp-json\/wp\/v2\/product_cat?post=3642"},{"taxonomy":"product_tag","embeddable":true,"href":"https:\/\/ohmysake.com\/fr\/wp-json\/wp\/v2\/product_tag?post=3642"}],"curies":[{"name":"wp","href":"https:\/\/api.w.org\/{rel}","templated":true}]}}