{"id":3638,"date":"2025-03-09T15:58:29","date_gmt":"2025-03-09T15:58:29","guid":{"rendered":"https:\/\/ohmysake.com\/?post_type=product&#038;p=3638"},"modified":"2025-10-03T05:16:05","modified_gmt":"2025-10-03T05:16:05","slug":"umeshu-yuzu","status":"publish","type":"product","link":"https:\/\/ohmysake.com\/fr\/produit\/umeshu-yuzu\/","title":{"rendered":"Umeshu + Yuzu"},"content":{"rendered":"<p>Le yuzu est un agrume japonais qui a suscit\u00e9 beaucoup d\u2019attention.<\/p>\n<p>Le go\u00fbt de l'umeshu a \u00e9t\u00e9 mis en valeur en l'infusant fortement avec du yuzu.<\/p>\n<p>Pour la base, la brasserie Kitagawa a utilis\u00e9 du sak\u00e9 non filtr\u00e9.<\/p>\n<p>La douceur de l'umeshu compl\u00e8te parfaitement l'acidit\u00e9 du yuzu. Un \u00e9quilibre absolument parfait avec un arri\u00e8re-go\u00fbt agr\u00e9able, frais et persistant.<\/p>\n<p>Remarque\u00a0:\u00a0Le go\u00fbt du yuzu est moins piquant et beaucoup plus subtil qu'un citron europ\u00e9en.<\/p>","protected":false},"excerpt":{"rendered":"<p class=\"additional-information translation-block\">Brasserie\u00a0: Kitagawa Honke (Fushimi, Kyoto)\n<strong>Type<\/strong>\u00a0: Liqueur japonaise<br>\n<strong>Alcool<\/strong>\u00a0: 12\u00a0%<br>\n<strong>Contenu<\/strong>\u00a0: 180 ou 720 ml<br>\n<strong>Temp\u00e9rature de service<\/strong> : 5-8\u00b0C<\/p>","protected":false},"featured_media":3641,"template":"","meta":[],"product_brand":[],"product_cat":[55],"product_tag":[83],"class_list":{"0":"post-3638","1":"product","2":"type-product","3":"status-publish","4":"has-post-thumbnail","6":"product_cat-cjapanse-likeuren","7":"product_tag-kyoto","9":"first","10":"instock","11":"taxable","12":"shipping-taxable","13":"purchasable","14":"product-type-variable"},"_links":{"self":[{"href":"https:\/\/ohmysake.com\/fr\/wp-json\/wp\/v2\/product\/3638","targetHints":{"allow":["GET"]}}],"collection":[{"href":"https:\/\/ohmysake.com\/fr\/wp-json\/wp\/v2\/product"}],"about":[{"href":"https:\/\/ohmysake.com\/fr\/wp-json\/wp\/v2\/types\/product"}],"wp:featuredmedia":[{"embeddable":true,"href":"https:\/\/ohmysake.com\/fr\/wp-json\/wp\/v2\/media\/3641"}],"wp:attachment":[{"href":"https:\/\/ohmysake.com\/fr\/wp-json\/wp\/v2\/media?parent=3638"}],"wp:term":[{"taxonomy":"product_brand","embeddable":true,"href":"https:\/\/ohmysake.com\/fr\/wp-json\/wp\/v2\/product_brand?post=3638"},{"taxonomy":"product_cat","embeddable":true,"href":"https:\/\/ohmysake.com\/fr\/wp-json\/wp\/v2\/product_cat?post=3638"},{"taxonomy":"product_tag","embeddable":true,"href":"https:\/\/ohmysake.com\/fr\/wp-json\/wp\/v2\/product_tag?post=3638"}],"curies":[{"name":"wp","href":"https:\/\/api.w.org\/{rel}","templated":true}]}}