{"id":3634,"date":"2025-03-09T15:51:45","date_gmt":"2025-03-09T15:51:45","guid":{"rendered":"https:\/\/ohmysake.com\/?post_type=product&#038;p=3634"},"modified":"2025-10-03T05:16:24","modified_gmt":"2025-10-03T05:16:24","slug":"umeshu","status":"publish","type":"product","link":"https:\/\/ohmysake.com\/fr\/produit\/umeshu\/","title":{"rendered":"Umeshu"},"content":{"rendered":"<p>Le nanko ume m\u00fbr a \u00e9t\u00e9 mac\u00e9r\u00e9 dans du shochu pendant des mois pour extraire la saveur du fruit et la mettre dans la boisson. Le go\u00fbt est ensuite \u00e9quilibr\u00e9 en ajoutant du sak\u00e9 et du sucre.<\/p>\n<p>On peut interpr\u00e9ter cette saveur comme un bouquet de cet abricot japonais aux fruits tropicaux, joliment soutenu par des notes torr\u00e9fi\u00e9es de r\u00e9glisse et de r\u00e9glisse. L'accent kirsch ajoute une touche agr\u00e9able \u00e0 l'ensemble. La fra\u00eecheur expressive tout au long de l'arri\u00e8re-go\u00fbt m\u00fbr est tr\u00e8s surprenante. Cet umeshu est tr\u00e8s bien \u00e9quilibr\u00e9.<\/p>","protected":false},"excerpt":{"rendered":"<p class=\"additional-information translation-block\">Brasserie\u00a0: Kitagawa Honke (Fushimi, Kyoto)\n<strong>Type<\/strong>\u00a0: liqueur japonaise<br>\n<strong>Alcool<\/strong>\u00a0: 13\u00a0%<br>\n<strong>Contenu<\/strong>\u00a0: 180 ou 720 ml<br>\n<strong>Temp\u00e9rature de service<\/strong> : 5-8\u00b0C<\/p>","protected":false},"featured_media":3637,"template":"","meta":[],"product_brand":[],"product_cat":[55],"product_tag":[83],"class_list":{"0":"post-3634","1":"product","2":"type-product","3":"status-publish","4":"has-post-thumbnail","6":"product_cat-cjapanse-likeuren","7":"product_tag-kyoto","9":"first","10":"instock","11":"taxable","12":"shipping-taxable","13":"purchasable","14":"product-type-variable"},"_links":{"self":[{"href":"https:\/\/ohmysake.com\/fr\/wp-json\/wp\/v2\/product\/3634","targetHints":{"allow":["GET"]}}],"collection":[{"href":"https:\/\/ohmysake.com\/fr\/wp-json\/wp\/v2\/product"}],"about":[{"href":"https:\/\/ohmysake.com\/fr\/wp-json\/wp\/v2\/types\/product"}],"wp:featuredmedia":[{"embeddable":true,"href":"https:\/\/ohmysake.com\/fr\/wp-json\/wp\/v2\/media\/3637"}],"wp:attachment":[{"href":"https:\/\/ohmysake.com\/fr\/wp-json\/wp\/v2\/media?parent=3634"}],"wp:term":[{"taxonomy":"product_brand","embeddable":true,"href":"https:\/\/ohmysake.com\/fr\/wp-json\/wp\/v2\/product_brand?post=3634"},{"taxonomy":"product_cat","embeddable":true,"href":"https:\/\/ohmysake.com\/fr\/wp-json\/wp\/v2\/product_cat?post=3634"},{"taxonomy":"product_tag","embeddable":true,"href":"https:\/\/ohmysake.com\/fr\/wp-json\/wp\/v2\/product_tag?post=3634"}],"curies":[{"name":"wp","href":"https:\/\/api.w.org\/{rel}","templated":true}]}}