{"id":3630,"date":"2025-03-09T15:47:32","date_gmt":"2025-03-09T15:47:32","guid":{"rendered":"https:\/\/ohmysake.com\/?post_type=product&#038;p=3630"},"modified":"2026-02-25T17:18:47","modified_gmt":"2026-02-25T17:18:47","slug":"nakazu-junmai-daiginjo","status":"publish","type":"product","link":"https:\/\/ohmysake.com\/fr\/produit\/nakazu-junmai-daiginjo\/","title":{"rendered":"Nakazu Junmai Daiginjo"},"content":{"rendered":"<p>Junmai DaiGinjo extr\u00eamement doux et magnifiquement \u00e9quilibr\u00e9. Ici, on go\u00fbte le raffinement des grains de riz hautement polis. Un sak\u00e9 \u00e9l\u00e9gant avec certainement assez de caract\u00e8re et de fra\u00eecheur.<\/p>","protected":false},"excerpt":{"rendered":"<p class=\"translation-block\"><strong>Brasserie<\/strong>\u00a0: Isonosawa (Ukiha, Fukuoka)<br>\n<strong>Type<\/strong>\u00a0: Junmai DaiGinjo<br>\nRiz\u00a0: Riz sak\u00e9 local et riz Yamadanishiki<br>\n<strong>Degr\u00e9 de polissage<\/strong>\u00a0: 50\u00a0%<br>\n<strong>Alcool<\/strong>\u00a0: 15\u00a0%<br>\n<strong>Contenu<\/strong>\u00a0: 720\u00a0ml<br>\n<strong>Temp\u00e9rature de service<\/strong>\u00a0: 8-12\u00a0\u00b0C<br>\n<strong>Se marie bien<\/strong>\u00a0: Salades fra\u00eeches, tapas<br>\nIngr\u00e9dients\u00a0: Eau, riz, koji, levure<\/p>","protected":false},"featured_media":3631,"template":"","meta":[],"product_brand":[58],"product_cat":[67,68],"product_tag":[41,86],"class_list":{"0":"post-3630","1":"product","2":"type-product","3":"status-publish","4":"has-post-thumbnail","6":"product_brand-sake","7":"product_cat-fjunmai-daiginjo","8":"product_cat-bsake","9":"product_tag-fruitig","10":"product_tag-fukuoka","12":"first","13":"outofstock","14":"taxable","15":"shipping-taxable","16":"purchasable","17":"product-type-simple"},"_links":{"self":[{"href":"https:\/\/ohmysake.com\/fr\/wp-json\/wp\/v2\/product\/3630","targetHints":{"allow":["GET"]}}],"collection":[{"href":"https:\/\/ohmysake.com\/fr\/wp-json\/wp\/v2\/product"}],"about":[{"href":"https:\/\/ohmysake.com\/fr\/wp-json\/wp\/v2\/types\/product"}],"wp:featuredmedia":[{"embeddable":true,"href":"https:\/\/ohmysake.com\/fr\/wp-json\/wp\/v2\/media\/3631"}],"wp:attachment":[{"href":"https:\/\/ohmysake.com\/fr\/wp-json\/wp\/v2\/media?parent=3630"}],"wp:term":[{"taxonomy":"product_brand","embeddable":true,"href":"https:\/\/ohmysake.com\/fr\/wp-json\/wp\/v2\/product_brand?post=3630"},{"taxonomy":"product_cat","embeddable":true,"href":"https:\/\/ohmysake.com\/fr\/wp-json\/wp\/v2\/product_cat?post=3630"},{"taxonomy":"product_tag","embeddable":true,"href":"https:\/\/ohmysake.com\/fr\/wp-json\/wp\/v2\/product_tag?post=3630"}],"curies":[{"name":"wp","href":"https:\/\/api.w.org\/{rel}","templated":true}]}}