{"id":3628,"date":"2025-03-09T15:45:10","date_gmt":"2025-03-09T15:45:10","guid":{"rendered":"https:\/\/ohmysake.com\/?post_type=product&#038;p=3628"},"modified":"2025-03-09T15:45:10","modified_gmt":"2025-03-09T15:45:10","slug":"princess-ginkgo-junmai","status":"publish","type":"product","link":"https:\/\/ohmysake.com\/fr\/produit\/princess-ginkgo-junmai\/","title":{"rendered":"Princess Ginkgo Junmai"},"content":{"rendered":"<p>Ce sak\u00e9 est \u00e9labor\u00e9 \u00e0 partir des fleurs de Ginkgo, ce qui nous permet de d\u00e9couvrir un style extraordinaire de saveur et de fra\u00eecheur.<\/p>\n<p>La brasserie Naito Shuzo brasse tout son sak\u00e9 en utilisant l'eau souterraine de la rivi\u00e8re Kiso, une eau douce qui la rend parfaite pour faire un sak\u00e9 onctueux.<\/p>\n<p>Ils utilisent \u00e9galement ici du koji blanc, ce qui leur permet d'obtenir un sak\u00e9 onctueux avec la bonne acidit\u00e9.<\/p>\n<p>En bref, un sak\u00e9 extraordinaire.<\/p>","protected":false},"excerpt":{"rendered":"<p class=\"translation-block\"><strong>Brasserie<\/strong>\u00a0: Naito Shuzo (Aichi)<br>\n<strong>Type<\/strong>\u00a0: Junmai<br>\nRiz\u00a0: Aichi No Kaori<br>\n<strong>Degr\u00e9 de polissage<\/strong>\u00a0: 60\u00a0%<br>\n<strong>Alcool<\/strong>\u00a0: 10\u00a0%<br>\n<strong>Contenu<\/strong>\u00a0: 500\u00a0ml<br>\n<strong>Valeur du compteur de sak\u00e9<\/strong>\u00a0: -40<br>\n<strong>Temp\u00e9rature de service<\/strong>\u00a0: 8-12 \u00b0C<br>\n<strong>Se marie bien<\/strong> avec\u00a0: Ap\u00e9ritif, dessert, fromage<br>\nIngr\u00e9dients\u00a0: Eau, riz, koji, levure<\/p>","protected":false},"featured_media":3629,"template":"","meta":[],"product_brand":[58],"product_cat":[65,68],"product_tag":[82],"class_list":{"0":"post-3628","1":"product","2":"type-product","3":"status-publish","4":"has-post-thumbnail","6":"product_brand-sake","7":"product_cat-cjunmai","8":"product_cat-bsake","9":"product_tag-aichi","11":"first","12":"instock","13":"taxable","14":"shipping-taxable","15":"purchasable","16":"product-type-simple"},"_links":{"self":[{"href":"https:\/\/ohmysake.com\/fr\/wp-json\/wp\/v2\/product\/3628","targetHints":{"allow":["GET"]}}],"collection":[{"href":"https:\/\/ohmysake.com\/fr\/wp-json\/wp\/v2\/product"}],"about":[{"href":"https:\/\/ohmysake.com\/fr\/wp-json\/wp\/v2\/types\/product"}],"wp:featuredmedia":[{"embeddable":true,"href":"https:\/\/ohmysake.com\/fr\/wp-json\/wp\/v2\/media\/3629"}],"wp:attachment":[{"href":"https:\/\/ohmysake.com\/fr\/wp-json\/wp\/v2\/media?parent=3628"}],"wp:term":[{"taxonomy":"product_brand","embeddable":true,"href":"https:\/\/ohmysake.com\/fr\/wp-json\/wp\/v2\/product_brand?post=3628"},{"taxonomy":"product_cat","embeddable":true,"href":"https:\/\/ohmysake.com\/fr\/wp-json\/wp\/v2\/product_cat?post=3628"},{"taxonomy":"product_tag","embeddable":true,"href":"https:\/\/ohmysake.com\/fr\/wp-json\/wp\/v2\/product_tag?post=3628"}],"curies":[{"name":"wp","href":"https:\/\/api.w.org\/{rel}","templated":true}]}}