{"id":3626,"date":"2025-03-09T15:25:19","date_gmt":"2025-03-09T15:25:19","guid":{"rendered":"https:\/\/ohmysake.com\/?post_type=product&#038;p=3626"},"modified":"2025-03-09T15:25:20","modified_gmt":"2025-03-09T15:25:20","slug":"genmaishu-junmai","status":"publish","type":"product","link":"https:\/\/ohmysake.com\/fr\/produit\/genmaishu-junmai\/","title":{"rendered":"Genmaishu Junmai"},"content":{"rendered":"<div class=\"w-text\">\n<p>Le riz utilis\u00e9 pour la production de ce sak\u00e9 n'est pas poli, mais utilis\u00e9 tel quel apr\u00e8s la r\u00e9colte.<\/p>\n<p>Ar\u00f4me agr\u00e9ablement sucr\u00e9 et torr\u00e9fi\u00e9 avec des notes de caramel, de miel, de raisins secs et de cacao. Sa saveur pleine et riche en fait un sak\u00e9 excellent et exceptionnel.<\/p>\n<\/div>\n<div class=\"row-spaced\"><\/div>\n<div class=\"form-group nmb\"><\/div>","protected":false},"excerpt":{"rendered":"<p class=\"additional-information translation-block\"><strong>Brasserie<\/strong>\u00a0: Kameman (Ashikita-gun, Kumamoto)<br>\n<strong>Type<\/strong>\u00a0: Junmai<br>\nRiz\u00a0: 100\u00a0% riz \u00e0 sak\u00e9 local Reihoi<br>\n<strong>Degr\u00e9 de polissage<\/strong>\u00a0: 100\u00a0%<br>\n<strong>Alcool<\/strong>\u00a0: 15\u00a0%<br>\n<strong>Contenu<\/strong>\u00a0: 500\u00a0ml<br>\n<strong>Valeur du compteur de sak\u00e9<\/strong>\u00a0: -20<br>\n<strong>Temp\u00e9rature de service<\/strong>\u00a0: 10-12\u00a0\u00b0C<br>\n<strong>Se marie bien<\/strong>\u00a0: Foie gras, chocolat et fromage bleu<br>\nIngr\u00e9dients\u00a0: Eau, riz, koji, levure<\/p>\n<p><small><i class=\"red\">* Le riz utilis\u00e9 pour ce sak\u00e9 n'a PAS \u00e9t\u00e9 poli. Cette bouteille a un nouvel emballage, diff\u00e9rent de la photo.<\/i><\/small><\/p>","protected":false},"featured_media":3627,"template":"","meta":[],"product_brand":[58],"product_cat":[65,68],"product_tag":[87],"class_list":{"0":"post-3626","1":"product","2":"type-product","3":"status-publish","4":"has-post-thumbnail","6":"product_brand-sake","7":"product_cat-cjunmai","8":"product_cat-bsake","9":"product_tag-kumamoto","11":"first","12":"instock","13":"taxable","14":"shipping-taxable","15":"purchasable","16":"product-type-simple"},"_links":{"self":[{"href":"https:\/\/ohmysake.com\/fr\/wp-json\/wp\/v2\/product\/3626","targetHints":{"allow":["GET"]}}],"collection":[{"href":"https:\/\/ohmysake.com\/fr\/wp-json\/wp\/v2\/product"}],"about":[{"href":"https:\/\/ohmysake.com\/fr\/wp-json\/wp\/v2\/types\/product"}],"wp:featuredmedia":[{"embeddable":true,"href":"https:\/\/ohmysake.com\/fr\/wp-json\/wp\/v2\/media\/3627"}],"wp:attachment":[{"href":"https:\/\/ohmysake.com\/fr\/wp-json\/wp\/v2\/media?parent=3626"}],"wp:term":[{"taxonomy":"product_brand","embeddable":true,"href":"https:\/\/ohmysake.com\/fr\/wp-json\/wp\/v2\/product_brand?post=3626"},{"taxonomy":"product_cat","embeddable":true,"href":"https:\/\/ohmysake.com\/fr\/wp-json\/wp\/v2\/product_cat?post=3626"},{"taxonomy":"product_tag","embeddable":true,"href":"https:\/\/ohmysake.com\/fr\/wp-json\/wp\/v2\/product_tag?post=3626"}],"curies":[{"name":"wp","href":"https:\/\/api.w.org\/{rel}","templated":true}]}}