{"id":3624,"date":"2025-03-09T15:22:50","date_gmt":"2025-03-09T15:22:50","guid":{"rendered":"https:\/\/ohmysake.com\/?post_type=product&#038;p=3624"},"modified":"2025-03-09T15:22:50","modified_gmt":"2025-03-09T15:22:50","slug":"kotobuki-junmai-daiginjo","status":"publish","type":"product","link":"https:\/\/ohmysake.com\/fr\/produit\/kotobuki-junmai-daiginjo\/","title":{"rendered":"Kotobuki Junmai Daiginjo"},"content":{"rendered":"<p>Moins \u00ab brutal \u00bb en ar\u00f4me que la version Junmai Ginjo du Kotobuki. Cela se traduit par l\u2019\u00e9l\u00e9gance et le raffinement de ce produit. La complexit\u00e9 est garantie et \u00e9volue dans le verre. Ce sak\u00e9 a besoin d'oxyg\u00e8ne, alors ouvrez-le 10 \u00e0 15 minutes avant de servir.<\/p>","protected":false},"excerpt":{"rendered":"<p class=\"translation-block\"><strong>Brasserie<\/strong>\u00a0: Nakashimaya (Shunan, Yamaguchi)<br>\n<strong>Type<\/strong>\u00a0: Junmai DaiGinjo<br>\nRiz\u00a0: 100\u00a0% Yamadanishiki<br>\n<strong>Degr\u00e9 de polissage<\/strong>\u00a0: 38\u00a0%<br>\n<strong>Alcool<\/strong>\u00a0: 16\u00a0%<br>\n<strong>Contenu<\/strong>\u00a0: 720\u00a0ml<br>\n<strong>Valeur du compteur de sak\u00e9<\/strong>\u00a0: +2,0<br>\n<strong>Temp\u00e9rature de service<\/strong>\u00a0: 8-12\u00a0\u00b0C<br>\nIngr\u00e9dients\u00a0: Eau, riz, koji, levure<\/p>","protected":false},"featured_media":3625,"template":"","meta":[],"product_brand":[58],"product_cat":[67,68],"product_tag":[41,85],"class_list":{"0":"post-3624","1":"product","2":"type-product","3":"status-publish","4":"has-post-thumbnail","6":"product_brand-sake","7":"product_cat-fjunmai-daiginjo","8":"product_cat-bsake","9":"product_tag-fruitig","10":"product_tag-yamaguchi","12":"first","13":"instock","14":"taxable","15":"shipping-taxable","16":"purchasable","17":"product-type-simple"},"_links":{"self":[{"href":"https:\/\/ohmysake.com\/fr\/wp-json\/wp\/v2\/product\/3624","targetHints":{"allow":["GET"]}}],"collection":[{"href":"https:\/\/ohmysake.com\/fr\/wp-json\/wp\/v2\/product"}],"about":[{"href":"https:\/\/ohmysake.com\/fr\/wp-json\/wp\/v2\/types\/product"}],"wp:featuredmedia":[{"embeddable":true,"href":"https:\/\/ohmysake.com\/fr\/wp-json\/wp\/v2\/media\/3625"}],"wp:attachment":[{"href":"https:\/\/ohmysake.com\/fr\/wp-json\/wp\/v2\/media?parent=3624"}],"wp:term":[{"taxonomy":"product_brand","embeddable":true,"href":"https:\/\/ohmysake.com\/fr\/wp-json\/wp\/v2\/product_brand?post=3624"},{"taxonomy":"product_cat","embeddable":true,"href":"https:\/\/ohmysake.com\/fr\/wp-json\/wp\/v2\/product_cat?post=3624"},{"taxonomy":"product_tag","embeddable":true,"href":"https:\/\/ohmysake.com\/fr\/wp-json\/wp\/v2\/product_tag?post=3624"}],"curies":[{"name":"wp","href":"https:\/\/api.w.org\/{rel}","templated":true}]}}