{"id":3619,"date":"2025-03-09T15:19:02","date_gmt":"2025-03-09T15:19:02","guid":{"rendered":"https:\/\/ohmysake.com\/?post_type=product&#038;p=3619"},"modified":"2025-03-09T15:19:03","modified_gmt":"2025-03-09T15:19:03","slug":"kotobuki-junmai-ginjo","status":"publish","type":"product","link":"https:\/\/ohmysake.com\/fr\/produit\/kotobuki-junmai-ginjo\/","title":{"rendered":"Kotobuki Junmai Ginjo"},"content":{"rendered":"<p>Un type de riz rare a \u00e9t\u00e9 utilis\u00e9 pour ce sak\u00e9. Un sak\u00e9 cors\u00e9 et parfaitement \u00e9quilibr\u00e9. Beaucoup d'ar\u00f4mes et de fruit\u00e9 d\u00e8s l'ouverture de la bouteille jusqu'\u00e0 la d\u00e9gustation. Sak\u00e9 extr\u00eamement appropri\u00e9 qui se marie bien avec les plats \u00e9pic\u00e9s.<\/p>","protected":false},"excerpt":{"rendered":"<p class=\"translation-block\"><strong>Brasserie<\/strong>\u00a0: Nakashimaya (Shunan, Yamaguchi)<br>\n<strong>Type<\/strong>\u00a0: Junmai Ginjo<br>\nRiz\u00a0: Saito-no Shizuku, Yamadanishiki<br>\n<strong>Degr\u00e9 de polissage<\/strong>\u00a0: 55\u00a0%<br>\n<strong>Alcool<\/strong>\u00a0: 16\u00a0%<br>\n<strong>Contenu<\/strong>\u00a0: 720\u00a0ml<br>\n<strong>Valeur du compteur de sak\u00e9<\/strong>\u00a0: -1,0<br>\n<strong>Temp\u00e9rature de service<\/strong>\u00a0: 8-12\u00a0\u00b0C<br>\nIngr\u00e9dients\u00a0: Eau, riz, koji, levure<\/p>","protected":false},"featured_media":3620,"template":"","meta":[],"product_brand":[58],"product_cat":[66,68],"product_tag":[41,85],"class_list":{"0":"post-3619","1":"product","2":"type-product","3":"status-publish","4":"has-post-thumbnail","6":"product_brand-sake","7":"product_cat-djunmai-ginjo","8":"product_cat-bsake","9":"product_tag-fruitig","10":"product_tag-yamaguchi","12":"first","13":"instock","14":"taxable","15":"shipping-taxable","16":"purchasable","17":"product-type-simple"},"_links":{"self":[{"href":"https:\/\/ohmysake.com\/fr\/wp-json\/wp\/v2\/product\/3619","targetHints":{"allow":["GET"]}}],"collection":[{"href":"https:\/\/ohmysake.com\/fr\/wp-json\/wp\/v2\/product"}],"about":[{"href":"https:\/\/ohmysake.com\/fr\/wp-json\/wp\/v2\/types\/product"}],"wp:featuredmedia":[{"embeddable":true,"href":"https:\/\/ohmysake.com\/fr\/wp-json\/wp\/v2\/media\/3620"}],"wp:attachment":[{"href":"https:\/\/ohmysake.com\/fr\/wp-json\/wp\/v2\/media?parent=3619"}],"wp:term":[{"taxonomy":"product_brand","embeddable":true,"href":"https:\/\/ohmysake.com\/fr\/wp-json\/wp\/v2\/product_brand?post=3619"},{"taxonomy":"product_cat","embeddable":true,"href":"https:\/\/ohmysake.com\/fr\/wp-json\/wp\/v2\/product_cat?post=3619"},{"taxonomy":"product_tag","embeddable":true,"href":"https:\/\/ohmysake.com\/fr\/wp-json\/wp\/v2\/product_tag?post=3619"}],"curies":[{"name":"wp","href":"https:\/\/api.w.org\/{rel}","templated":true}]}}