{"id":3617,"date":"2025-03-09T15:13:27","date_gmt":"2025-03-09T15:13:27","guid":{"rendered":"https:\/\/ohmysake.com\/?post_type=product&#038;p=3617"},"modified":"2025-03-09T15:13:27","modified_gmt":"2025-03-09T15:13:27","slug":"kanenaka-kimoto-junmai","status":"publish","type":"product","link":"https:\/\/ohmysake.com\/fr\/produit\/kanenaka-kimoto-junmai\/","title":{"rendered":"Kanenaka Kimoto Junmai"},"content":{"rendered":"<p>Un nez surprenant qui r\u00e9v\u00e8le un grain complexe lors de la d\u00e9gustation : d'abord vif mais ensuite doux avec un arri\u00e8re-go\u00fbt long. Complexit\u00e9 et subtilit\u00e9 sont les ma\u00eetres mots de ce sak\u00e9.<\/p>\n<p>C'est un sak\u00e9 bien \u00e9quilibr\u00e9 qui pr\u00e9sente un excellent \u00e9quilibre entre une saveur \u00e9paisse mais riche et une acidit\u00e9 ronde.<\/p>\n<p>M\u00e9daille d'or IWC (International Wine Challenge) 2019<\/p>","protected":false},"excerpt":{"rendered":"<p class=\"translation-block\"><strong>Brasserie<\/strong>\u00a0: Nakashimaya (Shunan, Yamaguchi)<br>\n<strong>Type<\/strong>\u00a0: Junmai Kimoto<br>\nRiz\u00a0: Gohyakumangoku et Yamadanishiki<br>\n<strong>Degr\u00e9 de polissage<\/strong>\u00a0: 60\u00a0%<br>\n<strong>Alcool<\/strong>\u00a0: 16\u00a0%<br>\n<strong>Contenu<\/strong>\u00a0: 720\u00a0ml<br>\n<strong>Valeur du compteur de sak\u00e9<\/strong>\u00a0: 6,0<br>\n<strong>Temp\u00e9rature de service<\/strong>\u00a0: 8-12\u00a0\u00b0C<br>\n<strong>Se marie bien<\/strong>\u00a0: Saumon fum\u00e9, thon, poisson blanc, viande<br>\nIngr\u00e9dients\u00a0: Eau, riz, koji, levure<\/p>","protected":false},"featured_media":3618,"template":"","meta":[],"product_brand":[58],"product_cat":[65,68],"product_tag":[42,85],"class_list":{"0":"post-3617","1":"product","2":"type-product","3":"status-publish","4":"has-post-thumbnail","6":"product_brand-sake","7":"product_cat-cjunmai","8":"product_cat-bsake","9":"product_tag-graanig","10":"product_tag-yamaguchi","12":"first","13":"instock","14":"taxable","15":"shipping-taxable","16":"purchasable","17":"product-type-simple"},"_links":{"self":[{"href":"https:\/\/ohmysake.com\/fr\/wp-json\/wp\/v2\/product\/3617","targetHints":{"allow":["GET"]}}],"collection":[{"href":"https:\/\/ohmysake.com\/fr\/wp-json\/wp\/v2\/product"}],"about":[{"href":"https:\/\/ohmysake.com\/fr\/wp-json\/wp\/v2\/types\/product"}],"wp:featuredmedia":[{"embeddable":true,"href":"https:\/\/ohmysake.com\/fr\/wp-json\/wp\/v2\/media\/3618"}],"wp:attachment":[{"href":"https:\/\/ohmysake.com\/fr\/wp-json\/wp\/v2\/media?parent=3617"}],"wp:term":[{"taxonomy":"product_brand","embeddable":true,"href":"https:\/\/ohmysake.com\/fr\/wp-json\/wp\/v2\/product_brand?post=3617"},{"taxonomy":"product_cat","embeddable":true,"href":"https:\/\/ohmysake.com\/fr\/wp-json\/wp\/v2\/product_cat?post=3617"},{"taxonomy":"product_tag","embeddable":true,"href":"https:\/\/ohmysake.com\/fr\/wp-json\/wp\/v2\/product_tag?post=3617"}],"curies":[{"name":"wp","href":"https:\/\/api.w.org\/{rel}","templated":true}]}}