{"id":3615,"date":"2025-03-09T15:06:10","date_gmt":"2025-03-09T15:06:10","guid":{"rendered":"https:\/\/ohmysake.com\/?post_type=product&#038;p=3615"},"modified":"2025-03-09T15:06:10","modified_gmt":"2025-03-09T15:06:10","slug":"oku-10-year-aged-junmai-ginjo","status":"publish","type":"product","link":"https:\/\/ohmysake.com\/fr\/produit\/oku-10-year-aged-junmai-ginjo\/","title":{"rendered":"Oku 10 Year Aged Junmai Ginjo"},"content":{"rendered":"<p>Ce sak\u00e9 a vieilli dix ans \u00e0 basse temp\u00e9rature, inf\u00e9rieure \u00e0 10\u00b0C.<\/p>\n<p>Savourez le go\u00fbt l\u00e9g\u00e8rement fl\u00e9tri que le temps a cr\u00e9\u00e9, tout en conservant le d\u00e9licieux ar\u00f4me floral. La profondeur du sak\u00e9 a \u00e9t\u00e9 davantage explor\u00e9e.<\/p>\n<p>Ici, nous vivrons un m\u00e9lange fantastique et complexe entre le grain et la lactique avec une note douce de caramel (doux-amer) et de bois.<\/p>","protected":false},"excerpt":{"rendered":"<p class=\"additional-information translation-block\">Brasserie\u00a0: Yamazaki Goshi (Nishio, Aichi)\n<strong>Type<\/strong>\u00a0: Junmai Ginjo Genshu<br>\nRiz\u00a0: 100\u00a0% Yumesansui<br>\n<strong>Degr\u00e9 de polissage<\/strong>\u00a0: 60\u00a0%<br>\n<strong>Alcool<\/strong>\u00a0: 18,5\u00a0%<br>\n<strong>Contenu<\/strong>\u00a0: 720\u00a0ml<br>\n<strong>Valeur du compteur de sak\u00e9<\/strong>\u00a0: +2<br>\n<strong>Temp\u00e9rature de service<\/strong>\u00a0: 10-45\u00a0\u00b0C<br>\n<strong>Se marie bien<\/strong> avec : Viande, fromage<br>\nIngr\u00e9dients\u00a0: Eau, riz, koji, levure<\/p>\n<p><small><i class=\"red\">* Livr\u00e9 dans la bo\u00eete en carton correspondante.<\/i><\/small><\/p>","protected":false},"featured_media":3616,"template":"","meta":[],"product_brand":[58],"product_cat":[66,68],"product_tag":[94,82],"class_list":{"0":"post-3615","1":"product","2":"type-product","3":"status-publish","4":"has-post-thumbnail","6":"product_brand-sake","7":"product_cat-djunmai-ginjo","8":"product_cat-bsake","9":"product_tag-aged","10":"product_tag-aichi","12":"first","13":"instock","14":"taxable","15":"shipping-taxable","16":"purchasable","17":"product-type-simple"},"_links":{"self":[{"href":"https:\/\/ohmysake.com\/fr\/wp-json\/wp\/v2\/product\/3615","targetHints":{"allow":["GET"]}}],"collection":[{"href":"https:\/\/ohmysake.com\/fr\/wp-json\/wp\/v2\/product"}],"about":[{"href":"https:\/\/ohmysake.com\/fr\/wp-json\/wp\/v2\/types\/product"}],"wp:featuredmedia":[{"embeddable":true,"href":"https:\/\/ohmysake.com\/fr\/wp-json\/wp\/v2\/media\/3616"}],"wp:attachment":[{"href":"https:\/\/ohmysake.com\/fr\/wp-json\/wp\/v2\/media?parent=3615"}],"wp:term":[{"taxonomy":"product_brand","embeddable":true,"href":"https:\/\/ohmysake.com\/fr\/wp-json\/wp\/v2\/product_brand?post=3615"},{"taxonomy":"product_cat","embeddable":true,"href":"https:\/\/ohmysake.com\/fr\/wp-json\/wp\/v2\/product_cat?post=3615"},{"taxonomy":"product_tag","embeddable":true,"href":"https:\/\/ohmysake.com\/fr\/wp-json\/wp\/v2\/product_tag?post=3615"}],"curies":[{"name":"wp","href":"https:\/\/api.w.org\/{rel}","templated":true}]}}