{"id":3613,"date":"2025-03-09T15:02:59","date_gmt":"2025-03-09T15:02:59","guid":{"rendered":"https:\/\/ohmysake.com\/?post_type=product&#038;p=3613"},"modified":"2025-03-09T15:02:59","modified_gmt":"2025-03-09T15:02:59","slug":"kiwamihijiri-omachi-junmai-ginjo","status":"publish","type":"product","link":"https:\/\/ohmysake.com\/fr\/produit\/kiwamihijiri-omachi-junmai-ginjo\/","title":{"rendered":"Kiwamihijiri Omachi Junmai Ginjo"},"content":{"rendered":"<p>Un sak\u00e9 junmai ginjo l\u00e9g\u00e8rement sec au go\u00fbt \u00e9l\u00e9gant et rafra\u00eechissant, qui tire le meilleur parti de l'umami du riz Omachi. On peut le boire froid ou r\u00e9chauff\u00e9, et on ne s'en lasse jamais apr\u00e8s un long automne. Le riz 100 % Omachi est utilis\u00e9 pour cr\u00e9er un ar\u00f4me doux et fruit\u00e9 avec un go\u00fbt onctueux qui est agr\u00e9ablement doux sur la langue.<\/p>\n<p>En plus des prix nationaux, ce sak\u00e9 a \u00e9galement remport\u00e9 deux prix internationaux.<\/p>\n<p>M\u00e9daille de bronze au International Sake Challenge 2012<\/p>\n<p>M\u00e9daille d'argent International Sake Challenge 2013<\/p>","protected":false},"excerpt":{"rendered":"<p class=\"translation-block\">Brasserie\u00a0: Miyashita Shuzo (Naka-ku, Okayama)<br>\n<strong>Type<\/strong>\u00a0: Junmai Ginjo<br>\nRiz\u00a0: 100\u00a0% Omachi<br>\n<strong>Degr\u00e9 de polissage<\/strong>\u00a0: 60\u00a0%<br>\n<strong>Alcool<\/strong>\u00a0: 15,5\u00a0%<br>\n<strong>Contenu<\/strong>\u00a0: 720\u00a0ml<br>\n<strong>Valeur du compteur de sak\u00e9<\/strong>\u00a0: +3<br>\n<strong>Temp\u00e9rature de service<\/strong>\u00a0: 10-45\u00a0\u00b0C<br>\n<strong>Se marie bien<\/strong> avec\u00a0: la viande<br>\nIngr\u00e9dients\u00a0: Eau, riz, koji, levure<\/p>","protected":false},"featured_media":3614,"template":"","meta":[],"product_brand":[58],"product_cat":[66,68],"product_tag":[41,50],"class_list":{"0":"post-3613","1":"product","2":"type-product","3":"status-publish","4":"has-post-thumbnail","6":"product_brand-sake","7":"product_cat-djunmai-ginjo","8":"product_cat-bsake","9":"product_tag-fruitig","10":"product_tag-okayama","12":"first","13":"instock","14":"taxable","15":"shipping-taxable","16":"purchasable","17":"product-type-simple"},"_links":{"self":[{"href":"https:\/\/ohmysake.com\/fr\/wp-json\/wp\/v2\/product\/3613","targetHints":{"allow":["GET"]}}],"collection":[{"href":"https:\/\/ohmysake.com\/fr\/wp-json\/wp\/v2\/product"}],"about":[{"href":"https:\/\/ohmysake.com\/fr\/wp-json\/wp\/v2\/types\/product"}],"wp:featuredmedia":[{"embeddable":true,"href":"https:\/\/ohmysake.com\/fr\/wp-json\/wp\/v2\/media\/3614"}],"wp:attachment":[{"href":"https:\/\/ohmysake.com\/fr\/wp-json\/wp\/v2\/media?parent=3613"}],"wp:term":[{"taxonomy":"product_brand","embeddable":true,"href":"https:\/\/ohmysake.com\/fr\/wp-json\/wp\/v2\/product_brand?post=3613"},{"taxonomy":"product_cat","embeddable":true,"href":"https:\/\/ohmysake.com\/fr\/wp-json\/wp\/v2\/product_cat?post=3613"},{"taxonomy":"product_tag","embeddable":true,"href":"https:\/\/ohmysake.com\/fr\/wp-json\/wp\/v2\/product_tag?post=3613"}],"curies":[{"name":"wp","href":"https:\/\/api.w.org\/{rel}","templated":true}]}}