{"id":3611,"date":"2025-03-09T14:39:24","date_gmt":"2025-03-09T14:39:24","guid":{"rendered":"https:\/\/ohmysake.com\/?post_type=product&#038;p=3611"},"modified":"2025-03-09T14:39:24","modified_gmt":"2025-03-09T14:39:24","slug":"kamikokoro-junmai","status":"publish","type":"product","link":"https:\/\/ohmysake.com\/fr\/produit\/kamikokoro-junmai\/","title":{"rendered":"Kamikokoro Junmai"},"content":{"rendered":"<p>En \u00e9quilibrant le go\u00fbt du riz avec l'aigre et en laissant une sensation gazeuse, nous avons obtenu un go\u00fbt riche avec une saveur rafra\u00eechissante et piquante.<\/p>\n<p>Pendant la fermentation, ils ont ajout\u00e9 du dioxyde de carbone. Ils se sont concentr\u00e9s sur la cr\u00e9ation d\u2019une structure qui laisse une \u00ab sensation mousseuse \u00bb, soulignant l\u2019impact imm\u00e9diat lorsque vous prenez une gorg\u00e9e.<\/p>\n<p>Nous exp\u00e9rimenterons principalement un umami riche qui se termine par un go\u00fbt rafra\u00eechissant et piquant avec une certaine acidit\u00e9.<\/p>\n<p>Ils ont remport\u00e9 le prix d'or dans la cat\u00e9gorie principale du \u00ab Delicious Sake Award 2023 avec verre \u00e0 vin \u00bb.<\/p>","protected":false},"excerpt":{"rendered":"<p class=\"translation-block\">Brasserie\u00a0: Kamikokoro Shuzo (Asakuchi-shi, Okayama)<br>\n<strong>Type<\/strong>\u00a0: Junmai<br>\nRiz : Akebono<br>\n<strong>Degr\u00e9 de polissage<\/strong>\u00a0: 70\u00a0%<br>\n<strong>Alcool<\/strong>\u00a0: 15,5\u00a0%<br>\n<strong>Contenu<\/strong>\u00a0: 720\u00a0ml<br>\n<strong>Valeur du compteur de sak\u00e9<\/strong>\u00a0: -2,5<br>\n<strong>Temp\u00e9rature de service<\/strong>\u00a0: 8-12\u00a0\u00b0C<br>\n<strong>Se marie bien<\/strong> avec\u00a0: Poisson, viande<br>\nIngr\u00e9dients\u00a0: Eau, riz, koji, levure<\/p>","protected":false},"featured_media":3612,"template":"","meta":[],"product_brand":[58],"product_cat":[65,68],"product_tag":[50],"class_list":{"0":"post-3611","1":"product","2":"type-product","3":"status-publish","4":"has-post-thumbnail","6":"product_brand-sake","7":"product_cat-cjunmai","8":"product_cat-bsake","9":"product_tag-okayama","11":"first","12":"instock","13":"taxable","14":"shipping-taxable","15":"purchasable","16":"product-type-simple"},"_links":{"self":[{"href":"https:\/\/ohmysake.com\/fr\/wp-json\/wp\/v2\/product\/3611","targetHints":{"allow":["GET"]}}],"collection":[{"href":"https:\/\/ohmysake.com\/fr\/wp-json\/wp\/v2\/product"}],"about":[{"href":"https:\/\/ohmysake.com\/fr\/wp-json\/wp\/v2\/types\/product"}],"wp:featuredmedia":[{"embeddable":true,"href":"https:\/\/ohmysake.com\/fr\/wp-json\/wp\/v2\/media\/3612"}],"wp:attachment":[{"href":"https:\/\/ohmysake.com\/fr\/wp-json\/wp\/v2\/media?parent=3611"}],"wp:term":[{"taxonomy":"product_brand","embeddable":true,"href":"https:\/\/ohmysake.com\/fr\/wp-json\/wp\/v2\/product_brand?post=3611"},{"taxonomy":"product_cat","embeddable":true,"href":"https:\/\/ohmysake.com\/fr\/wp-json\/wp\/v2\/product_cat?post=3611"},{"taxonomy":"product_tag","embeddable":true,"href":"https:\/\/ohmysake.com\/fr\/wp-json\/wp\/v2\/product_tag?post=3611"}],"curies":[{"name":"wp","href":"https:\/\/api.w.org\/{rel}","templated":true}]}}