{"id":3602,"date":"2025-03-09T14:30:35","date_gmt":"2025-03-09T14:30:35","guid":{"rendered":"https:\/\/ohmysake.com\/?post_type=product&#038;p=3602"},"modified":"2025-03-09T14:30:36","modified_gmt":"2025-03-09T14:30:36","slug":"fujitaikan-blue-label-junmai","status":"publish","type":"product","link":"https:\/\/ohmysake.com\/fr\/produit\/fujitaikan-blue-label-junmai\/","title":{"rendered":"Fujitaikan Blue Label Junmai"},"content":{"rendered":"<p>On per\u00e7oit un nez l\u00e9g\u00e8rement aromatique avec une pointe de melon. Il a une belle structure et une saveur douce qui vous permet de profiter du go\u00fbt naturel du riz.<\/p>\n<p>La bouteille porte le nom d'un artiste c\u00e9l\u00e8bre, Taikan. Il a toujours peint le Mont Fuji.<\/p>","protected":false},"excerpt":{"rendered":"<p class=\"translation-block\">Brasserie\u00a0: Morishima Shuzo (Hitachi-shi, Ibaraki)<br>\n<strong>Type<\/strong>\u00a0: Junmai<br>\nRiz : 100 % Miyamanishiki<br>\n<strong>Degr\u00e9 de polissage<\/strong>\u00a0: 65\u00a0%<br>\n<strong>Alcool<\/strong>\u00a0: 15\u00a0%<br>\n<strong>Contenu<\/strong>\u00a0: 720\u00a0ml<br>\n<strong>Valeur du compteur de sak\u00e9<\/strong>\u00a0: +2<br>\n<strong>Temp\u00e9rature de service<\/strong>\u00a0: 10\u00a0\u00b0C<br>\n<strong>Se marie bien<\/strong>\u00a0: Poisson, poulet, salades<br>\nIngr\u00e9dients\u00a0: Eau, riz, koji, levure<\/p>","protected":false},"featured_media":3603,"template":"","meta":[],"product_brand":[58],"product_cat":[65,68],"product_tag":[41,80],"class_list":{"0":"post-3602","1":"product","2":"type-product","3":"status-publish","4":"has-post-thumbnail","6":"product_brand-sake","7":"product_cat-cjunmai","8":"product_cat-bsake","9":"product_tag-fruitig","10":"product_tag-ibaraki","12":"first","13":"instock","14":"taxable","15":"shipping-taxable","16":"purchasable","17":"product-type-simple"},"_links":{"self":[{"href":"https:\/\/ohmysake.com\/fr\/wp-json\/wp\/v2\/product\/3602","targetHints":{"allow":["GET"]}}],"collection":[{"href":"https:\/\/ohmysake.com\/fr\/wp-json\/wp\/v2\/product"}],"about":[{"href":"https:\/\/ohmysake.com\/fr\/wp-json\/wp\/v2\/types\/product"}],"wp:featuredmedia":[{"embeddable":true,"href":"https:\/\/ohmysake.com\/fr\/wp-json\/wp\/v2\/media\/3603"}],"wp:attachment":[{"href":"https:\/\/ohmysake.com\/fr\/wp-json\/wp\/v2\/media?parent=3602"}],"wp:term":[{"taxonomy":"product_brand","embeddable":true,"href":"https:\/\/ohmysake.com\/fr\/wp-json\/wp\/v2\/product_brand?post=3602"},{"taxonomy":"product_cat","embeddable":true,"href":"https:\/\/ohmysake.com\/fr\/wp-json\/wp\/v2\/product_cat?post=3602"},{"taxonomy":"product_tag","embeddable":true,"href":"https:\/\/ohmysake.com\/fr\/wp-json\/wp\/v2\/product_tag?post=3602"}],"curies":[{"name":"wp","href":"https:\/\/api.w.org\/{rel}","templated":true}]}}