{"id":3598,"date":"2025-03-09T14:25:26","date_gmt":"2025-03-09T14:25:26","guid":{"rendered":"https:\/\/ohmysake.com\/?post_type=product&#038;p=3598"},"modified":"2025-03-09T14:26:41","modified_gmt":"2025-03-09T14:26:41","slug":"fukugen-junmai-daiginjo-nama-genshu-muroka","status":"publish","type":"product","link":"https:\/\/ohmysake.com\/fr\/produit\/fukugen-junmai-daiginjo-nama-genshu-muroka\/","title":{"rendered":"Fukugen Junmai Daiginjo Nama Genshu Muroka"},"content":{"rendered":"<p>Un sak\u00e9 \u00e9pais et cors\u00e9 qui a \u00e9t\u00e9 soigneusement vieilli dans la brasserie.<\/p>\n<p>Junmai Daiginjo est le meilleur sak\u00e9 avec un encens \u00e9l\u00e9gant et un go\u00fbt riche et m\u00fbr qui se r\u00e9pand en bouche.<\/p>\n<p>Ce sak\u00e9 est brass\u00e9 selon la m\u00e9thode traditionnelle h\u00e9rit\u00e9e des ma\u00eetres brasseurs.<\/p>\n<p>Celui-ci est brass\u00e9 \u00e0 la main selon notre recette traditionnelle transmise de g\u00e9n\u00e9ration en g\u00e9n\u00e9ration.<\/p>\n<p>Un sak\u00e9 Daiginjo est un sak\u00e9 de la plus haute qualit\u00e9 qui a un corps fort avec un go\u00fbt sensible et m\u00fbr.<\/p>\n<p>Le riz utilis\u00e9 ici est du Miyamanishiki et est cultiv\u00e9 et r\u00e9colt\u00e9 dans leur propre brasserie.<\/p>\n<p>Le long processus de maturation produit la saveur la plus riche du Fukugen Junmai Daiginjo.<\/p>\n<p>Il est ferment\u00e9 \u00e0 tr\u00e8s basse temp\u00e9rature et pendant une p\u00e9riode plus longue.<\/p>","protected":false},"excerpt":{"rendered":"<p class=\"additional-information translation-block\">Brasserie\u00a0: Fukugen Shuzo (Nagano)<br>\n<strong>Type<\/strong>\u00a0: Junmai Daiginjo Genshu Nama Muroka<br>\nRiz : Miyamanishiki (cultiv\u00e9 sur place)<br>\n<strong>Degr\u00e9 de polissage<\/strong>\u00a0: 39\u00a0%<br>\n<strong>Alcool<\/strong>\u00a0: 16\u00a0%<br>\n<strong>Contenu<\/strong>\u00a0: 720\u00a0ml<br>\n<strong>Valeur du compteur de sak\u00e9<\/strong>\u00a0: -8<br>\n<strong>Temp\u00e9rature de service<\/strong>\u00a0: 8-12 \u00b0C<br>\n<strong>Se marie bien<\/strong> avec\u00a0: Poisson, viande<br>\nIngr\u00e9dients\u00a0: Eau, riz, koji, levure<\/p>","protected":false},"featured_media":3599,"template":"","meta":[],"product_brand":[58],"product_cat":[67,68],"product_tag":[41,79],"class_list":{"0":"post-3598","1":"product","2":"type-product","3":"status-publish","4":"has-post-thumbnail","6":"product_brand-sake","7":"product_cat-fjunmai-daiginjo","8":"product_cat-bsake","9":"product_tag-fruitig","10":"product_tag-nagano","12":"first","13":"instock","14":"taxable","15":"shipping-taxable","16":"purchasable","17":"product-type-simple"},"_links":{"self":[{"href":"https:\/\/ohmysake.com\/fr\/wp-json\/wp\/v2\/product\/3598","targetHints":{"allow":["GET"]}}],"collection":[{"href":"https:\/\/ohmysake.com\/fr\/wp-json\/wp\/v2\/product"}],"about":[{"href":"https:\/\/ohmysake.com\/fr\/wp-json\/wp\/v2\/types\/product"}],"wp:featuredmedia":[{"embeddable":true,"href":"https:\/\/ohmysake.com\/fr\/wp-json\/wp\/v2\/media\/3599"}],"wp:attachment":[{"href":"https:\/\/ohmysake.com\/fr\/wp-json\/wp\/v2\/media?parent=3598"}],"wp:term":[{"taxonomy":"product_brand","embeddable":true,"href":"https:\/\/ohmysake.com\/fr\/wp-json\/wp\/v2\/product_brand?post=3598"},{"taxonomy":"product_cat","embeddable":true,"href":"https:\/\/ohmysake.com\/fr\/wp-json\/wp\/v2\/product_cat?post=3598"},{"taxonomy":"product_tag","embeddable":true,"href":"https:\/\/ohmysake.com\/fr\/wp-json\/wp\/v2\/product_tag?post=3598"}],"curies":[{"name":"wp","href":"https:\/\/api.w.org\/{rel}","templated":true}]}}