{"id":3597,"date":"2025-03-09T14:23:45","date_gmt":"2025-03-09T14:23:45","guid":{"rendered":"https:\/\/ohmysake.com\/?post_type=product&#038;p=3597"},"modified":"2025-03-09T14:24:55","modified_gmt":"2025-03-09T14:24:55","slug":"fukugen-junmai-ginjo-nama-genshu-muroka","status":"publish","type":"product","link":"https:\/\/ohmysake.com\/fr\/produit\/fukugen-junmai-ginjo-nama-genshu-muroka\/","title":{"rendered":"Fukugen Junmai Ginjo Nama Genshu Muroka"},"content":{"rendered":"<p>Un sak\u00e9 \u00e9pais et cors\u00e9 qui a \u00e9t\u00e9 soigneusement vieilli dans la brasserie.<\/p>\n<p>Profitez de l'harmonie cr\u00e9\u00e9e par le riche ar\u00f4me du ginjo et la saveur profonde unique du riz pur.<\/p>\n<p>Ce sak\u00e9 a une texture fortement construite, semblable \u00e0 un type de vin cors\u00e9.<\/p>\n<p>Le long processus de maturation produit la saveur la plus riche du Fukugen Junmai Ginjo.<\/p>\n<p>Il est ferment\u00e9 \u00e0 tr\u00e8s basse temp\u00e9rature et pendant une p\u00e9riode plus longue.<\/p>","protected":false},"excerpt":{"rendered":"<p class=\"additional-information translation-block\">Brasserie\u00a0: Fukugen Shuzo (Nagano)<br>\n<strong>Type<\/strong>\u00a0: Junmai Ginjo Nama Genshu Muroka<br>\nRiz\u00a0: Hitogokochi<br>\n<strong>Degr\u00e9 de polissage<\/strong>\u00a0: 59\u00a0%<br>\n<strong>Alcool<\/strong>\u00a0: 16\u00a0%<br>\n<strong>Contenu<\/strong>\u00a0: 720\u00a0ml<br>\n<strong>Valeur du compteur de sak\u00e9<\/strong>\u00a0: -1<br>\n<strong>Temp\u00e9rature de service<\/strong>\u00a0: 8-12 \u00b0C<br>\n<strong>Se marie bien<\/strong> avec\u00a0: Poisson, viande<br>\nIngr\u00e9dients\u00a0: Eau, riz, koji, levure<\/p>","protected":false},"featured_media":3596,"template":"","meta":[],"product_brand":[58],"product_cat":[66,68],"product_tag":[41,79],"class_list":{"0":"post-3597","1":"product","2":"type-product","3":"status-publish","4":"has-post-thumbnail","6":"product_brand-sake","7":"product_cat-djunmai-ginjo","8":"product_cat-bsake","9":"product_tag-fruitig","10":"product_tag-nagano","12":"first","13":"instock","14":"taxable","15":"shipping-taxable","16":"purchasable","17":"product-type-simple"},"_links":{"self":[{"href":"https:\/\/ohmysake.com\/fr\/wp-json\/wp\/v2\/product\/3597","targetHints":{"allow":["GET"]}}],"collection":[{"href":"https:\/\/ohmysake.com\/fr\/wp-json\/wp\/v2\/product"}],"about":[{"href":"https:\/\/ohmysake.com\/fr\/wp-json\/wp\/v2\/types\/product"}],"wp:featuredmedia":[{"embeddable":true,"href":"https:\/\/ohmysake.com\/fr\/wp-json\/wp\/v2\/media\/3596"}],"wp:attachment":[{"href":"https:\/\/ohmysake.com\/fr\/wp-json\/wp\/v2\/media?parent=3597"}],"wp:term":[{"taxonomy":"product_brand","embeddable":true,"href":"https:\/\/ohmysake.com\/fr\/wp-json\/wp\/v2\/product_brand?post=3597"},{"taxonomy":"product_cat","embeddable":true,"href":"https:\/\/ohmysake.com\/fr\/wp-json\/wp\/v2\/product_cat?post=3597"},{"taxonomy":"product_tag","embeddable":true,"href":"https:\/\/ohmysake.com\/fr\/wp-json\/wp\/v2\/product_tag?post=3597"}],"curies":[{"name":"wp","href":"https:\/\/api.w.org\/{rel}","templated":true}]}}