{"id":3595,"date":"2025-03-09T14:23:23","date_gmt":"2025-03-09T14:23:23","guid":{"rendered":"https:\/\/ohmysake.com\/?post_type=product&#038;p=3595"},"modified":"2025-03-09T14:23:23","modified_gmt":"2025-03-09T14:23:23","slug":"fukugen-junmai-nama-genshu-muroka","status":"publish","type":"product","link":"https:\/\/ohmysake.com\/fr\/produit\/fukugen-junmai-nama-genshu-muroka\/","title":{"rendered":"Fukugen Junmai Nama Genshu Muroka"},"content":{"rendered":"<p>C'est un junmaishu tr\u00e8s \u00e9quilibr\u00e9, complet et sans filtre (Genshu Muroka).<\/p>\n<p>Le go\u00fbt doux et \u00e9l\u00e9gant \u00e0 tous \u00e9gards montre sa maturit\u00e9.<\/p>\n<p>Le long processus de maturation donne la saveur la plus riche du Fukugen junmaishu.<\/p>\n<p>Il est ferment\u00e9 \u00e0 tr\u00e8s basse temp\u00e9rature et pendant une p\u00e9riode plus longue.<\/p>\n<p>Sak\u00e9 qui a remport\u00e9 le \u00ab Gold Award \u00bb lors d\u2019une foire internationale.<\/p>","protected":false},"excerpt":{"rendered":"<p class=\"additional-information translation-block\">Brasserie\u00a0: Fukugen Shuzo (Nagano)<br>\n<strong>Type<\/strong>\u00a0: Junmai Genshu Nama Muroka<br>\nRiz\u00a0: Hitogokochi<br>\n<strong>Degr\u00e9 de polissage<\/strong>\u00a0: 59\u00a0%<br>\n<strong>Alcool<\/strong>\u00a0: 16\u00a0%<br>\n<strong>Contenu<\/strong>\u00a0: 720\u00a0ml<br>\n<strong>Valeur du compteur de sak\u00e9<\/strong>\u00a0: +2<br>\n<strong>Temp\u00e9rature de service<\/strong>\u00a0: 8-12 \u00b0C<br>\n<strong>Se marie bien<\/strong> avec\u00a0: Poisson, viande<br>\nIngr\u00e9dients\u00a0: Eau, riz, koji, levure<\/p>","protected":false},"featured_media":3596,"template":"","meta":[],"product_brand":[58],"product_cat":[65,68],"product_tag":[79],"class_list":{"0":"post-3595","1":"product","2":"type-product","3":"status-publish","4":"has-post-thumbnail","6":"product_brand-sake","7":"product_cat-cjunmai","8":"product_cat-bsake","9":"product_tag-nagano","11":"first","12":"instock","13":"taxable","14":"shipping-taxable","15":"purchasable","16":"product-type-simple"},"_links":{"self":[{"href":"https:\/\/ohmysake.com\/fr\/wp-json\/wp\/v2\/product\/3595","targetHints":{"allow":["GET"]}}],"collection":[{"href":"https:\/\/ohmysake.com\/fr\/wp-json\/wp\/v2\/product"}],"about":[{"href":"https:\/\/ohmysake.com\/fr\/wp-json\/wp\/v2\/types\/product"}],"wp:featuredmedia":[{"embeddable":true,"href":"https:\/\/ohmysake.com\/fr\/wp-json\/wp\/v2\/media\/3596"}],"wp:attachment":[{"href":"https:\/\/ohmysake.com\/fr\/wp-json\/wp\/v2\/media?parent=3595"}],"wp:term":[{"taxonomy":"product_brand","embeddable":true,"href":"https:\/\/ohmysake.com\/fr\/wp-json\/wp\/v2\/product_brand?post=3595"},{"taxonomy":"product_cat","embeddable":true,"href":"https:\/\/ohmysake.com\/fr\/wp-json\/wp\/v2\/product_cat?post=3595"},{"taxonomy":"product_tag","embeddable":true,"href":"https:\/\/ohmysake.com\/fr\/wp-json\/wp\/v2\/product_tag?post=3595"}],"curies":[{"name":"wp","href":"https:\/\/api.w.org\/{rel}","templated":true}]}}