{"id":3587,"date":"2025-03-09T12:14:52","date_gmt":"2025-03-09T12:14:52","guid":{"rendered":"https:\/\/ohmysake.com\/?post_type=product&#038;p=3587"},"modified":"2025-03-09T12:14:53","modified_gmt":"2025-03-09T12:14:53","slug":"golden-koi-junmai-daiginjo","status":"publish","type":"product","link":"https:\/\/ohmysake.com\/fr\/produit\/golden-koi-junmai-daiginjo\/","title":{"rendered":"Golden Koi Junmai Daiginjo"},"content":{"rendered":"<p>Ce sak\u00e9 a \u00e9t\u00e9 cr\u00e9\u00e9 pour \u00eatre pr\u00e9sent\u00e9 lors de la \u00ab AWARD-run \u00bb organis\u00e9e par le gouvernement japonais. Il s\u2019agit d\u2019un sak\u00e9 \u00ab de comp\u00e9tition \u00bb fabriqu\u00e9 uniquement pour cet \u00e9v\u00e9nement. Quantit\u00e9 extr\u00eamement faible, donc seulement environ 200 bouteilles peuvent \u00eatre produites par an. (Bouteilles num\u00e9rot\u00e9es)<\/p>\n<p>Il est mis en bouteille dans une bouteille en c\u00e9ramique puis recouvert de feuilles d'or. Soigneusement prot\u00e9g\u00e9 dans une bo\u00eete en bois de paulownia creus\u00e9e dans le style KOI. Cela a \u00e9t\u00e9 fait manuellement par des artisans qui travaillent encore le bois pour la famille imp\u00e9riale.<\/p>\n<p>Lors du concours, ce sak\u00e9 a remport\u00e9 le \u00ab PRIX D'EXCELLENCE du Kanto Shinetsu National Tax Bureau SAKE AWARD \u00bb.<\/p>\n<p>D\u00e9couvrez ce chef-d'\u0153uvre japonais.<\/p>","protected":false},"excerpt":{"rendered":"<p class=\"translation-block\"><strong>Brasserie<\/strong>\u00a0: Imayotsukasa (Niigata, Niigata)<br>\n<strong>Type<\/strong>\u00a0: Junmai Ginjo<br>\nRiz\u00a0: 100\u00a0% Gohyakumangoku<br>\n<strong>Degr\u00e9 de polissage<\/strong>\u00a0: 50-60\u00a0% Non sp\u00e9cifi\u00e9<br>\n<strong>Alcool<\/strong>\u00a0: 17\u00a0%<br>\n<strong>Contenu<\/strong>\u00a0: 720\u00a0ml<br>\n<strong>Temp\u00e9rature de service<\/strong>\u00a0: 10-12\u00a0\u00b0C<br>\nIngr\u00e9dients\u00a0: Eau, riz, koji, levure<\/p>","protected":false},"featured_media":3588,"template":"","meta":[],"product_brand":[58],"product_cat":[67,68],"product_tag":[49],"class_list":{"0":"post-3587","1":"product","2":"type-product","3":"status-publish","4":"has-post-thumbnail","6":"product_brand-sake","7":"product_cat-fjunmai-daiginjo","8":"product_cat-bsake","9":"product_tag-niigata","11":"first","12":"instock","13":"taxable","14":"shipping-taxable","15":"purchasable","16":"product-type-simple"},"_links":{"self":[{"href":"https:\/\/ohmysake.com\/fr\/wp-json\/wp\/v2\/product\/3587","targetHints":{"allow":["GET"]}}],"collection":[{"href":"https:\/\/ohmysake.com\/fr\/wp-json\/wp\/v2\/product"}],"about":[{"href":"https:\/\/ohmysake.com\/fr\/wp-json\/wp\/v2\/types\/product"}],"wp:featuredmedia":[{"embeddable":true,"href":"https:\/\/ohmysake.com\/fr\/wp-json\/wp\/v2\/media\/3588"}],"wp:attachment":[{"href":"https:\/\/ohmysake.com\/fr\/wp-json\/wp\/v2\/media?parent=3587"}],"wp:term":[{"taxonomy":"product_brand","embeddable":true,"href":"https:\/\/ohmysake.com\/fr\/wp-json\/wp\/v2\/product_brand?post=3587"},{"taxonomy":"product_cat","embeddable":true,"href":"https:\/\/ohmysake.com\/fr\/wp-json\/wp\/v2\/product_cat?post=3587"},{"taxonomy":"product_tag","embeddable":true,"href":"https:\/\/ohmysake.com\/fr\/wp-json\/wp\/v2\/product_tag?post=3587"}],"curies":[{"name":"wp","href":"https:\/\/api.w.org\/{rel}","templated":true}]}}