{"id":3582,"date":"2025-03-09T12:09:58","date_gmt":"2025-03-09T12:09:58","guid":{"rendered":"https:\/\/ohmysake.com\/?post_type=product&#038;p=3582"},"modified":"2026-02-25T17:02:51","modified_gmt":"2026-02-25T17:02:51","slug":"supreme-junmai-daiginjo","status":"publish","type":"product","link":"https:\/\/ohmysake.com\/fr\/produit\/supreme-junmai-daiginjo\/","title":{"rendered":"Supreme Junmai Daiginjo"},"content":{"rendered":"<p>Un ar\u00f4me magnifique et \u00e9l\u00e9gant et un go\u00fbt profond. La classe sup\u00e9rieure du sak\u00e9, dans laquelle tous ces \u00e9l\u00e9ments sont harmonis\u00e9s au plus haut point.<\/p>\n<p>Profitez de cette bouteille luxueuse, compos\u00e9e \u00e0 40 % de riz Koshitanrei, d\u00e9velopp\u00e9 par la pr\u00e9fecture de Niigata pour les daiginjos et poli jusqu'\u00e0 obtenir une couleur blanche brillante, et brass\u00e9 lentement \u00e0 basse temp\u00e9rature.<\/p>","protected":false},"excerpt":{"rendered":"<p class=\"additional-information translation-block\"><strong>Brasserie<\/strong>\u00a0: Imayotsukasa (Niigata, Niigata)<br>\n<strong>Type<\/strong>\u00a0: Junmai DaiGinjo<br>\nRiz\u00a0: 100\u00a0% Koshi-Tanrei<br>\n<strong>Degr\u00e9 de polissage<\/strong>\u00a0: 35\u00a0%<br>\n<strong>Alcool<\/strong>\u00a0: 15,0\u00a0%<br>\n<strong>Contenu<\/strong>\u00a0: 720\u00a0ml<br>\n<strong>Temp\u00e9rature de service<\/strong>\u00a0: 10-12\u00a0\u00b0C<br>\n<strong>Se marie bien<\/strong>\u00a0: Hu\u00eetres, Caviar<br>\nIngr\u00e9dients\u00a0: Eau, riz, koji, levure<\/p>","protected":false},"featured_media":3583,"template":"","meta":[],"product_brand":[58],"product_cat":[67,68],"product_tag":[49],"class_list":{"0":"post-3582","1":"product","2":"type-product","3":"status-publish","4":"has-post-thumbnail","6":"product_brand-sake","7":"product_cat-fjunmai-daiginjo","8":"product_cat-bsake","9":"product_tag-niigata","11":"first","12":"instock","13":"taxable","14":"shipping-taxable","15":"purchasable","16":"product-type-simple"},"_links":{"self":[{"href":"https:\/\/ohmysake.com\/fr\/wp-json\/wp\/v2\/product\/3582","targetHints":{"allow":["GET"]}}],"collection":[{"href":"https:\/\/ohmysake.com\/fr\/wp-json\/wp\/v2\/product"}],"about":[{"href":"https:\/\/ohmysake.com\/fr\/wp-json\/wp\/v2\/types\/product"}],"wp:featuredmedia":[{"embeddable":true,"href":"https:\/\/ohmysake.com\/fr\/wp-json\/wp\/v2\/media\/3583"}],"wp:attachment":[{"href":"https:\/\/ohmysake.com\/fr\/wp-json\/wp\/v2\/media?parent=3582"}],"wp:term":[{"taxonomy":"product_brand","embeddable":true,"href":"https:\/\/ohmysake.com\/fr\/wp-json\/wp\/v2\/product_brand?post=3582"},{"taxonomy":"product_cat","embeddable":true,"href":"https:\/\/ohmysake.com\/fr\/wp-json\/wp\/v2\/product_cat?post=3582"},{"taxonomy":"product_tag","embeddable":true,"href":"https:\/\/ohmysake.com\/fr\/wp-json\/wp\/v2\/product_tag?post=3582"}],"curies":[{"name":"wp","href":"https:\/\/api.w.org\/{rel}","templated":true}]}}