{"id":3580,"date":"2025-03-09T12:08:50","date_gmt":"2025-03-09T12:08:50","guid":{"rendered":"https:\/\/ohmysake.com\/?post_type=product&#038;p=3580"},"modified":"2025-10-03T05:18:10","modified_gmt":"2025-10-03T05:18:10","slug":"imayo-blue-junmai-ginjo","status":"publish","type":"product","link":"https:\/\/ohmysake.com\/fr\/produit\/imayo-blue-junmai-ginjo\/","title":{"rendered":"Imayo Blue Junmai Ginjo"},"content":{"rendered":"<p>Sensation de boisson agr\u00e9ablement l\u00e9g\u00e8re et claire avec des notes fruit\u00e9es. En finale, s\u00e8che mais pas trop, elle laisse une d\u00e9licate saveur umami de riz qui peut accompagner de nombreux plats.<\/p>\n<p>Plus il est servi frais, plus les notes fruit\u00e9es sont prononc\u00e9es.\u00a0Plus il est servi chaud, plus la sensation umami granuleuse est forte.<\/p>\n<p>&nbsp;<\/p>\n<div>Gagnant du Hot Sake Award Gold 2016<\/div>\n<div>Gagnant du Kura Master Gold 2017.<\/div>","protected":false},"excerpt":{"rendered":"<p class=\"translation-block\"><strong>Brasserie<\/strong>\u00a0: Imayotsukasa (Niigata, Niigata)<br>\n<strong>Type<\/strong>\u00a0: Junmai Ginjo<br>\nRiz\u00a0: 100\u00a0% Gohyakumangoku<br>\n<strong>Degr\u00e9 de polissage<\/strong>\u00a0: 55\u00a0%<br>\n<strong>Alcool<\/strong>\u00a0: 15\u00a0%<br>\n<strong>Contenu<\/strong>\u00a0: 720\u00a0ml<br>\n<strong>Temp\u00e9rature de service<\/strong>\u00a0: 10-45\u00a0\u00b0C<br>\n<strong>Se marie bien<\/strong>\u00a0: sashimi, plats de poisson, fruits de mer, poulet, salades l\u00e9g\u00e8res<br>\nIngr\u00e9dients\u00a0: Eau, riz, koji, levure<\/p>","protected":false},"featured_media":3581,"template":"","meta":[],"product_brand":[58],"product_cat":[66,68],"product_tag":[41,49],"class_list":{"0":"post-3580","1":"product","2":"type-product","3":"status-publish","4":"has-post-thumbnail","6":"product_brand-sake","7":"product_cat-djunmai-ginjo","8":"product_cat-bsake","9":"product_tag-fruitig","10":"product_tag-niigata","12":"first","13":"instock","14":"taxable","15":"shipping-taxable","16":"purchasable","17":"product-type-simple"},"_links":{"self":[{"href":"https:\/\/ohmysake.com\/fr\/wp-json\/wp\/v2\/product\/3580","targetHints":{"allow":["GET"]}}],"collection":[{"href":"https:\/\/ohmysake.com\/fr\/wp-json\/wp\/v2\/product"}],"about":[{"href":"https:\/\/ohmysake.com\/fr\/wp-json\/wp\/v2\/types\/product"}],"wp:featuredmedia":[{"embeddable":true,"href":"https:\/\/ohmysake.com\/fr\/wp-json\/wp\/v2\/media\/3581"}],"wp:attachment":[{"href":"https:\/\/ohmysake.com\/fr\/wp-json\/wp\/v2\/media?parent=3580"}],"wp:term":[{"taxonomy":"product_brand","embeddable":true,"href":"https:\/\/ohmysake.com\/fr\/wp-json\/wp\/v2\/product_brand?post=3580"},{"taxonomy":"product_cat","embeddable":true,"href":"https:\/\/ohmysake.com\/fr\/wp-json\/wp\/v2\/product_cat?post=3580"},{"taxonomy":"product_tag","embeddable":true,"href":"https:\/\/ohmysake.com\/fr\/wp-json\/wp\/v2\/product_tag?post=3580"}],"curies":[{"name":"wp","href":"https:\/\/api.w.org\/{rel}","templated":true}]}}