{"id":3576,"date":"2025-03-09T12:06:17","date_gmt":"2025-03-09T12:06:17","guid":{"rendered":"https:\/\/ohmysake.com\/?post_type=product&#038;p=3576"},"modified":"2025-03-29T11:03:09","modified_gmt":"2025-03-29T11:03:09","slug":"geisha-junmai-ginjo","status":"publish","type":"product","link":"https:\/\/ohmysake.com\/fr\/produit\/geisha-junmai-ginjo\/","title":{"rendered":"Geisha Junmai Ginjo"},"content":{"rendered":"<p>Un clin d'\u0153il \u00e0 la culture geisha au Japon. Apr\u00e8s Tokyo et Kyoto, Niigata abrite la troisi\u00e8me plus grande communaut\u00e9 de geishas du Japon. En hommage \u00e0 ces femmes, le brasseur a cr\u00e9\u00e9 un sak\u00e9 fantastiquement doux et l\u00e9g\u00e8rement sucr\u00e9. Une teneur en alcool plus faible accentue cette douceur.<\/p>","protected":false},"excerpt":{"rendered":"<p class=\"additional-information translation-block\"><strong>Brasserie<\/strong>\u00a0: Imayotsukasa (Niigata, Niigata)<br>\n<strong>Type<\/strong>\u00a0: Junmai Ginjo<br>\nRiz\u00a0: 100\u00a0% Gohyakumangoku<br>\n<strong>Degr\u00e9 de polissage<\/strong>\u00a0: 60\u00a0%<br>\n<strong>Alcool<\/strong>\u00a0: 11\u00a0%<br>\n<strong>Contenu<\/strong>\u00a0: 720\u00a0ml<br>\n<strong>Temp\u00e9rature de service<\/strong>\u00a0: 8-12\u00a0\u00b0C<br>\n<strong>Se marie bien<\/strong> avec : Dessert ou en ap\u00e9ritif<br>\nIngr\u00e9dients\u00a0: Eau, riz, koji, levure<\/p>","protected":false},"featured_media":3579,"template":"","meta":[],"product_brand":[58],"product_cat":[66,68],"product_tag":[41,49],"class_list":{"0":"post-3576","1":"product","2":"type-product","3":"status-publish","4":"has-post-thumbnail","6":"product_brand-sake","7":"product_cat-djunmai-ginjo","8":"product_cat-bsake","9":"product_tag-fruitig","10":"product_tag-niigata","12":"first","13":"instock","14":"taxable","15":"shipping-taxable","16":"purchasable","17":"product-type-variable"},"_links":{"self":[{"href":"https:\/\/ohmysake.com\/fr\/wp-json\/wp\/v2\/product\/3576","targetHints":{"allow":["GET"]}}],"collection":[{"href":"https:\/\/ohmysake.com\/fr\/wp-json\/wp\/v2\/product"}],"about":[{"href":"https:\/\/ohmysake.com\/fr\/wp-json\/wp\/v2\/types\/product"}],"wp:featuredmedia":[{"embeddable":true,"href":"https:\/\/ohmysake.com\/fr\/wp-json\/wp\/v2\/media\/3579"}],"wp:attachment":[{"href":"https:\/\/ohmysake.com\/fr\/wp-json\/wp\/v2\/media?parent=3576"}],"wp:term":[{"taxonomy":"product_brand","embeddable":true,"href":"https:\/\/ohmysake.com\/fr\/wp-json\/wp\/v2\/product_brand?post=3576"},{"taxonomy":"product_cat","embeddable":true,"href":"https:\/\/ohmysake.com\/fr\/wp-json\/wp\/v2\/product_cat?post=3576"},{"taxonomy":"product_tag","embeddable":true,"href":"https:\/\/ohmysake.com\/fr\/wp-json\/wp\/v2\/product_tag?post=3576"}],"curies":[{"name":"wp","href":"https:\/\/api.w.org\/{rel}","templated":true}]}}