{"id":3574,"date":"2025-03-09T12:05:24","date_gmt":"2025-03-09T12:05:24","guid":{"rendered":"https:\/\/ohmysake.com\/?post_type=product&#038;p=3574"},"modified":"2025-03-09T12:05:45","modified_gmt":"2025-03-09T12:05:45","slug":"hitotoki-junmai","status":"publish","type":"product","link":"https:\/\/ohmysake.com\/fr\/produit\/hitotoki-junmai\/","title":{"rendered":"Hitotoki Junmai"},"content":{"rendered":"<p>Le nom de ce sak\u00e9 \u00ab Hito to Ki to Hitotoki \u00bb signifie \u00ab Homme, Bois et un Instant \u00bb.<\/p>\n<p>Le sak\u00e9 \u00e9tait traditionnellement brass\u00e9 dans des f\u00fbts en bois. De nos jours, les brasseries de sak\u00e9 utilisent des cuves en acier inoxydable. Le brasseur (Imayotsukasa) a souhait\u00e9 ici faire un clin d'\u0153il au pass\u00e9 et obtenir un sak\u00e9 v\u00e9ritablement traditionnel. Ne vous attendez pas \u00e0 un sak\u00e9 bois\u00e9, mais \u00e0 un \u00e9quilibre tr\u00e8s d\u00e9licat entre l'umami et le croquant de la noix.<\/p>\n<p>L'\u00e9tiquette est r\u00e9alis\u00e9e en papier sp\u00e9cial (Pachica) et fait r\u00e9f\u00e9rence \u00e0 un bois de c\u00e8dre.<\/p>","protected":false},"excerpt":{"rendered":"<p class=\"translation-block\"><strong>Brasserie<\/strong>\u00a0: Imayotsukasa (Niigata, Niigata)<br>\n<strong>Type<\/strong>\u00a0: Junmai<br>\nRiz\u00a0: 100\u00a0% Gohyakumangoku<br>\n<strong>Degr\u00e9 de polissage<\/strong>\u00a0: 65\u00a0%<br>\n<strong>Alcool<\/strong>\u00a0: 15\u00a0%<br>\n<strong>Contenu<\/strong>\u00a0: 720\u00a0ml<br>\n<strong>Temp\u00e9rature de service<\/strong>\u00a0: 8-12\u00a0\u00b0C<br>\n<strong>Se marie bien<\/strong>\u00a0: Carpaccio, viandes blanches<br>\nIngr\u00e9dients\u00a0: Eau, riz, koji, levure<\/p>","protected":false},"featured_media":3575,"template":"","meta":[],"product_brand":[58],"product_cat":[65,68],"product_tag":[49],"class_list":{"0":"post-3574","1":"product","2":"type-product","3":"status-publish","4":"has-post-thumbnail","6":"product_brand-sake","7":"product_cat-cjunmai","8":"product_cat-bsake","9":"product_tag-niigata","11":"first","12":"instock","13":"taxable","14":"shipping-taxable","15":"purchasable","16":"product-type-simple"},"_links":{"self":[{"href":"https:\/\/ohmysake.com\/fr\/wp-json\/wp\/v2\/product\/3574","targetHints":{"allow":["GET"]}}],"collection":[{"href":"https:\/\/ohmysake.com\/fr\/wp-json\/wp\/v2\/product"}],"about":[{"href":"https:\/\/ohmysake.com\/fr\/wp-json\/wp\/v2\/types\/product"}],"wp:featuredmedia":[{"embeddable":true,"href":"https:\/\/ohmysake.com\/fr\/wp-json\/wp\/v2\/media\/3575"}],"wp:attachment":[{"href":"https:\/\/ohmysake.com\/fr\/wp-json\/wp\/v2\/media?parent=3574"}],"wp:term":[{"taxonomy":"product_brand","embeddable":true,"href":"https:\/\/ohmysake.com\/fr\/wp-json\/wp\/v2\/product_brand?post=3574"},{"taxonomy":"product_cat","embeddable":true,"href":"https:\/\/ohmysake.com\/fr\/wp-json\/wp\/v2\/product_cat?post=3574"},{"taxonomy":"product_tag","embeddable":true,"href":"https:\/\/ohmysake.com\/fr\/wp-json\/wp\/v2\/product_tag?post=3574"}],"curies":[{"name":"wp","href":"https:\/\/api.w.org\/{rel}","templated":true}]}}