{"id":3570,"date":"2025-03-09T12:02:11","date_gmt":"2025-03-09T12:02:11","guid":{"rendered":"https:\/\/ohmysake.com\/?post_type=product&#038;p=3570"},"modified":"2025-03-09T12:03:37","modified_gmt":"2025-03-09T12:03:37","slug":"imayo-black-junmai","status":"publish","type":"product","link":"https:\/\/ohmysake.com\/fr\/produit\/imayo-black-junmai\/","title":{"rendered":"Imayo Black Junmai"},"content":{"rendered":"<p>Un sak\u00e9 sec typique de la r\u00e9gion de Niigata. On per\u00e7oit un nez aromatique de c\u00e9r\u00e9ales. A la d\u00e9gustation, on ressent des impressions douces qui m\u00e8nent \u00e0 une finale \u00ab kire \u00bb. Cela signifie court et sec, ce qui est un compliment au sak\u00e9.<\/p>","protected":false},"excerpt":{"rendered":"<p class=\"additional-information translation-block\"><strong>Brasserie<\/strong>\u00a0: Imayotsukasa (Niigata, Niigata)<br>\n<strong>Type<\/strong>\u00a0: Junmai<br>\nRiz\u00a0: 100\u00a0% Gohyakumangoku<br>\n<strong>Degr\u00e9 de polissage<\/strong>\u00a0: 60\u00a0%<br>\n<strong>Alcool<\/strong>\u00a0: 16\u00a0%<br>\n<strong>Contenu<\/strong>\u00a0: 180 ml \/ 720 ml<br>\n<strong>Valeur du compteur de sak\u00e9<\/strong>\u00a0: +15<br>\n<strong>Temp\u00e9rature de service<\/strong>\u00a0: 8-12\u00a0\u00b0C<br>\n<strong>Se marie bien<\/strong>\u00a0: Poissons et crustac\u00e9s, principalement crus<br>\nIngr\u00e9dients\u00a0: Eau, riz, koji, levure<\/p>","protected":false},"featured_media":3573,"template":"","meta":[],"product_brand":[58],"product_cat":[65,68],"product_tag":[40,49],"class_list":{"0":"post-3570","1":"product","2":"type-product","3":"status-publish","4":"has-post-thumbnail","6":"product_brand-sake","7":"product_cat-cjunmai","8":"product_cat-bsake","9":"product_tag-droog","10":"product_tag-niigata","12":"first","13":"instock","14":"taxable","15":"shipping-taxable","16":"purchasable","17":"product-type-variable"},"_links":{"self":[{"href":"https:\/\/ohmysake.com\/fr\/wp-json\/wp\/v2\/product\/3570","targetHints":{"allow":["GET"]}}],"collection":[{"href":"https:\/\/ohmysake.com\/fr\/wp-json\/wp\/v2\/product"}],"about":[{"href":"https:\/\/ohmysake.com\/fr\/wp-json\/wp\/v2\/types\/product"}],"wp:featuredmedia":[{"embeddable":true,"href":"https:\/\/ohmysake.com\/fr\/wp-json\/wp\/v2\/media\/3573"}],"wp:attachment":[{"href":"https:\/\/ohmysake.com\/fr\/wp-json\/wp\/v2\/media?parent=3570"}],"wp:term":[{"taxonomy":"product_brand","embeddable":true,"href":"https:\/\/ohmysake.com\/fr\/wp-json\/wp\/v2\/product_brand?post=3570"},{"taxonomy":"product_cat","embeddable":true,"href":"https:\/\/ohmysake.com\/fr\/wp-json\/wp\/v2\/product_cat?post=3570"},{"taxonomy":"product_tag","embeddable":true,"href":"https:\/\/ohmysake.com\/fr\/wp-json\/wp\/v2\/product_tag?post=3570"}],"curies":[{"name":"wp","href":"https:\/\/api.w.org\/{rel}","templated":true}]}}