{"id":3562,"date":"2025-03-09T11:40:59","date_gmt":"2025-03-09T11:40:59","guid":{"rendered":"https:\/\/ohmysake.com\/?post_type=product&#038;p=3562"},"modified":"2025-03-09T11:44:05","modified_gmt":"2025-03-09T11:44:05","slug":"koshino-honjozo","status":"publish","type":"product","link":"https:\/\/ohmysake.com\/fr\/produit\/koshino-honjozo\/","title":{"rendered":"Koshino Honjozo"},"content":{"rendered":"<p>L'acidit\u00e9 raffin\u00e9e contraste joliment avec le go\u00fbt doux et pur. Un sak\u00e9 avec une histoire parfaitement \u00e9quilibr\u00e9e avec un arri\u00e8re-go\u00fbt \u00e9l\u00e9gant, plein et long.<\/p>\n<p>M\u00e9daille d'or aux \u00ab Fine Sake Awards Japan \u00bb.<\/p>","protected":false},"excerpt":{"rendered":"<p class=\"additional-information translation-block\"><strong>Brasserie<\/strong>\u00a0: Niigata Meijo (Ojiya, Niigata)<br>\n<strong>Type<\/strong>\u00a0: Tokubetsu Honjozo<br>\n<strong>Riz<\/strong>\u00a0: 100\u00a0% riz de la pr\u00e9fecture de Niigata<br>\n<strong>Degr\u00e9 de polissage<\/strong>\u00a0: 58\u00a0%<br>\n<strong>Alcool<\/strong>\u00a0: 15\u00a0%<br>\n<strong>Contenu<\/strong>\u00a0: 720\u00a0ml<br>\n<strong>Valeur du compteur de sak\u00e9<\/strong>\u00a0: +6<br>\n<strong>Temp\u00e9rature de service<\/strong>\u00a0: 7-12\u00a0\u00b0C<br>\n<strong>Se marie bien<\/strong>\u00a0: Fruits de mer, plats crus<br>\nIngr\u00e9dients\u00a0: Eau, riz, koji, levure<\/p>\n<p><small><i class=\"red\">* Livr\u00e9 dans sa bo\u00eete cartonn\u00e9e individuelle. Cette bouteille a un nouvel emballage, diff\u00e9rent de la photo.<\/i><\/small><\/p>","protected":false},"featured_media":3563,"template":"","meta":[],"product_brand":[58],"product_cat":[91,68],"product_tag":[49],"class_list":{"0":"post-3562","1":"product","2":"type-product","3":"status-publish","4":"has-post-thumbnail","6":"product_brand-sake","7":"product_cat-bhonjozo","8":"product_cat-bsake","9":"product_tag-niigata","11":"first","12":"instock","13":"taxable","14":"shipping-taxable","15":"purchasable","16":"product-type-simple"},"_links":{"self":[{"href":"https:\/\/ohmysake.com\/fr\/wp-json\/wp\/v2\/product\/3562","targetHints":{"allow":["GET"]}}],"collection":[{"href":"https:\/\/ohmysake.com\/fr\/wp-json\/wp\/v2\/product"}],"about":[{"href":"https:\/\/ohmysake.com\/fr\/wp-json\/wp\/v2\/types\/product"}],"wp:featuredmedia":[{"embeddable":true,"href":"https:\/\/ohmysake.com\/fr\/wp-json\/wp\/v2\/media\/3563"}],"wp:attachment":[{"href":"https:\/\/ohmysake.com\/fr\/wp-json\/wp\/v2\/media?parent=3562"}],"wp:term":[{"taxonomy":"product_brand","embeddable":true,"href":"https:\/\/ohmysake.com\/fr\/wp-json\/wp\/v2\/product_brand?post=3562"},{"taxonomy":"product_cat","embeddable":true,"href":"https:\/\/ohmysake.com\/fr\/wp-json\/wp\/v2\/product_cat?post=3562"},{"taxonomy":"product_tag","embeddable":true,"href":"https:\/\/ohmysake.com\/fr\/wp-json\/wp\/v2\/product_tag?post=3562"}],"curies":[{"name":"wp","href":"https:\/\/api.w.org\/{rel}","templated":true}]}}