{"id":3560,"date":"2025-03-09T11:40:32","date_gmt":"2025-03-09T11:40:32","guid":{"rendered":"https:\/\/ohmysake.com\/?post_type=product&#038;p=3560"},"modified":"2025-03-09T11:40:32","modified_gmt":"2025-03-09T11:40:32","slug":"koi-cup-ginjo","status":"publish","type":"product","link":"https:\/\/ohmysake.com\/fr\/produit\/koi-cup-ginjo\/","title":{"rendered":"Koi Cup Ginjo"},"content":{"rendered":"<p>Une forme unique de sak\u00e9.<\/p>\n<p>Directement de la pr\u00e9fecture de Niigata, un tr\u00e8s bon sak\u00e9 Ginjo qui poss\u00e8de un ar\u00f4me agr\u00e9ablement beau. Des notes fruit\u00e9es dans un gadget en verre amusant.<\/p>\n<p>Gagnant du prix de design du concours national de la coupe de sak\u00e9 du Japon !<\/p>\n<p>&nbsp;<\/p>","protected":false},"excerpt":{"rendered":"<p class=\"translation-block\"><strong>Brasserie<\/strong>\u00a0: Niigata Meijo (Ojiya, Niigata)<br>\n<strong>Type<\/strong>\u00a0: Tokubetsu Honjozo<br>\n<strong>Riz<\/strong>\u00a0: 100\u00a0% riz de la pr\u00e9fecture de Niigata<br>\n<strong>Degr\u00e9 de polissage<\/strong>\u00a0: 60\u00a0%<br>\n<strong>Alcool<\/strong>\u00a0: 15-16\u00a0%<br>\n<strong>Contenu<\/strong>\u00a0: 200\u00a0ml<br>\n<strong>Temp\u00e9rature de service<\/strong>\u00a0: 7-12\u00a0\u00b0C<br>\n<strong>Se marie bien avec<\/strong>\u00a0: Yakitori<br>\nIngr\u00e9dients\u00a0: Eau, riz, koji, levure<\/p>","protected":false},"featured_media":3561,"template":"","meta":[],"product_brand":[58],"product_cat":[93,68],"product_tag":[41,49],"class_list":{"0":"post-3560","1":"product","2":"type-product","3":"status-publish","4":"has-post-thumbnail","6":"product_brand-sake","7":"product_cat-eginjo","8":"product_cat-bsake","9":"product_tag-fruitig","10":"product_tag-niigata","12":"first","13":"instock","14":"taxable","15":"shipping-taxable","16":"purchasable","17":"product-type-simple"},"_links":{"self":[{"href":"https:\/\/ohmysake.com\/fr\/wp-json\/wp\/v2\/product\/3560","targetHints":{"allow":["GET"]}}],"collection":[{"href":"https:\/\/ohmysake.com\/fr\/wp-json\/wp\/v2\/product"}],"about":[{"href":"https:\/\/ohmysake.com\/fr\/wp-json\/wp\/v2\/types\/product"}],"wp:featuredmedia":[{"embeddable":true,"href":"https:\/\/ohmysake.com\/fr\/wp-json\/wp\/v2\/media\/3561"}],"wp:attachment":[{"href":"https:\/\/ohmysake.com\/fr\/wp-json\/wp\/v2\/media?parent=3560"}],"wp:term":[{"taxonomy":"product_brand","embeddable":true,"href":"https:\/\/ohmysake.com\/fr\/wp-json\/wp\/v2\/product_brand?post=3560"},{"taxonomy":"product_cat","embeddable":true,"href":"https:\/\/ohmysake.com\/fr\/wp-json\/wp\/v2\/product_cat?post=3560"},{"taxonomy":"product_tag","embeddable":true,"href":"https:\/\/ohmysake.com\/fr\/wp-json\/wp\/v2\/product_tag?post=3560"}],"curies":[{"name":"wp","href":"https:\/\/api.w.org\/{rel}","templated":true}]}}