{"id":3557,"date":"2025-03-09T11:35:49","date_gmt":"2025-03-09T11:35:49","guid":{"rendered":"https:\/\/ohmysake.com\/?post_type=product&#038;p=3557"},"modified":"2025-03-15T13:57:39","modified_gmt":"2025-03-15T13:57:39","slug":"kinmare-muroka-junmai-daiginjo","status":"publish","type":"product","link":"https:\/\/ohmysake.com\/fr\/produit\/kinmare-muroka-junmai-daiginjo\/","title":{"rendered":"Kinmare Muroka Junmai Daiginjo"},"content":{"rendered":"<div class=\"w-text\">\n<p>La cr\u00e8me de la cr\u00e8me de la brasserie Sakuramasamune. Fabriqu\u00e9 \u00e0 partir du meilleur riz \u00e0 sak\u00e9 qui a pouss\u00e9 sur le meilleur sol. Un sak\u00e9 Junmai Daiginjo non filtr\u00e9 et fabriqu\u00e9 \u00e0 la main, fort de 400 ans d'exp\u00e9rience en brassage.<\/p>\n<p>On per\u00e7oit des senteurs agr\u00e9ables et exaltantes de fleur de sureau, de pomme verte et de zeste d'agrumes. \u00c0 la d\u00e9gustation, ce sak\u00e9 cr\u00e9e un tourbillon d\u2019impressions raffin\u00e9es. Dans tout cela, il y a un \u00e9quilibre parfait entre viscosit\u00e9 et finesse.<\/p>\n<p>Ce chef-d'\u0153uvre est limit\u00e9 \u00e0 1000 litres\/an.<\/p>\n<\/div>","protected":false},"excerpt":{"rendered":"<p class=\"additional-information translation-block\"><strong>Brasserie<\/strong>\u00a0: Sakuramasamune (Kobe, Hyogo)<br>\n<strong>Type<\/strong>\u00a0: Junmai DaiGinjo<br>\nRiz\u00a0: 100\u00a0% Toku-A Yamadanishiki<br>\n<strong>Degr\u00e9 de polissage<\/strong>\u00a0: 35\u00a0%<br>\n<strong>Alcool<\/strong>\u00a0: 15,5\u00a0%<br>\n<strong>Contenu<\/strong>\u00a0: 720\u00a0ml<br>\n<strong>Valeur du compteur de sak\u00e9<\/strong>\u00a0: +2,0<br>\n<strong>Temp\u00e9rature de service<\/strong>\u00a0: 10-12\u00a0\u00b0C<br>\nIngr\u00e9dients\u00a0: Eau, riz, koji, levure<\/p>\n<p class=\"additional-information\"><small><i class=\"red\">* Ce sak\u00e9 est filtr\u00e9 selon la m\u00e9thode Muroka.<\/i><\/small><\/p>","protected":false},"featured_media":3558,"template":"","meta":[],"product_brand":[58],"product_cat":[67,68],"product_tag":[41,78],"class_list":{"0":"post-3557","1":"product","2":"type-product","3":"status-publish","4":"has-post-thumbnail","6":"product_brand-sake","7":"product_cat-fjunmai-daiginjo","8":"product_cat-bsake","9":"product_tag-fruitig","10":"product_tag-hyogo","12":"first","13":"instock","14":"taxable","15":"shipping-taxable","16":"purchasable","17":"product-type-simple"},"_links":{"self":[{"href":"https:\/\/ohmysake.com\/fr\/wp-json\/wp\/v2\/product\/3557","targetHints":{"allow":["GET"]}}],"collection":[{"href":"https:\/\/ohmysake.com\/fr\/wp-json\/wp\/v2\/product"}],"about":[{"href":"https:\/\/ohmysake.com\/fr\/wp-json\/wp\/v2\/types\/product"}],"wp:featuredmedia":[{"embeddable":true,"href":"https:\/\/ohmysake.com\/fr\/wp-json\/wp\/v2\/media\/3558"}],"wp:attachment":[{"href":"https:\/\/ohmysake.com\/fr\/wp-json\/wp\/v2\/media?parent=3557"}],"wp:term":[{"taxonomy":"product_brand","embeddable":true,"href":"https:\/\/ohmysake.com\/fr\/wp-json\/wp\/v2\/product_brand?post=3557"},{"taxonomy":"product_cat","embeddable":true,"href":"https:\/\/ohmysake.com\/fr\/wp-json\/wp\/v2\/product_cat?post=3557"},{"taxonomy":"product_tag","embeddable":true,"href":"https:\/\/ohmysake.com\/fr\/wp-json\/wp\/v2\/product_tag?post=3557"}],"curies":[{"name":"wp","href":"https:\/\/api.w.org\/{rel}","templated":true}]}}