{"id":3553,"date":"2025-03-09T11:32:56","date_gmt":"2025-03-09T11:32:56","guid":{"rendered":"https:\/\/ohmysake.com\/?post_type=product&#038;p=3553"},"modified":"2025-03-15T13:59:58","modified_gmt":"2025-03-15T13:59:58","slug":"kinmare-junmai-ginjo","status":"publish","type":"product","link":"https:\/\/ohmysake.com\/fr\/produit\/kinmare-junmai-ginjo\/","title":{"rendered":"Kinmare Junmai Ginjo"},"content":{"rendered":"<div class=\"w-text\">\n<p>Ce sak\u00e9 a un style complexe. Il tend vers un sak\u00e9 \u00ab vieilli \u00bb aux ar\u00f4mes de noix et de caramel mais avec la douceur n\u00e9cessaire. Relativement sec mais suffisamment d'acidit\u00e9 pour obtenir une belle rondeur. Un umami magnifique et doux qui s'accentue \u00e0 mesure que le sak\u00e9 est servi chaud.<\/p>\n<\/div>","protected":false},"excerpt":{"rendered":"<p class=\"additional-information translation-block\"><strong>Brasserie<\/strong>\u00a0: Sakuramasamune (Kobe, Hyogo)<br>\n<strong>Type<\/strong>\u00a0: Junmai Ginjo<br>\nRiz\u00a0: 100\u00a0% Yamadanishiki<br>\n<strong>Degr\u00e9 de polissage<\/strong>\u00a0: 60\u00a0%<br>\n<strong>Alcool<\/strong>\u00a0: +16,5\u00a0%<br>\n<strong>Contenu<\/strong>\u00a0: 720\u00a0ml<br>\n<strong>Valeur du compteur de sak\u00e9<\/strong>\u00a0: +2,0<br>\n<strong>Temp\u00e9rature de service<\/strong>\u00a0: 10-40\u00a0\u00b0C<br>\n<strong>Se marie bien<\/strong>\u00a0: Viandes ou poissons grill\u00e9s ou glac\u00e9s<br>\nIngr\u00e9dients\u00a0: Eau, riz, koji, levure<\/p>\n<p class=\"additional-information\"><small><i class=\"red\">* Livr\u00e9 dans sa bo\u00eete cartonn\u00e9e individuelle.<\/i><\/small><\/p>","protected":false},"featured_media":3554,"template":"","meta":[],"product_brand":[58],"product_cat":[66,68],"product_tag":[78],"class_list":{"0":"post-3553","1":"product","2":"type-product","3":"status-publish","4":"has-post-thumbnail","6":"product_brand-sake","7":"product_cat-djunmai-ginjo","8":"product_cat-bsake","9":"product_tag-hyogo","11":"first","12":"instock","13":"taxable","14":"shipping-taxable","15":"purchasable","16":"product-type-simple"},"_links":{"self":[{"href":"https:\/\/ohmysake.com\/fr\/wp-json\/wp\/v2\/product\/3553","targetHints":{"allow":["GET"]}}],"collection":[{"href":"https:\/\/ohmysake.com\/fr\/wp-json\/wp\/v2\/product"}],"about":[{"href":"https:\/\/ohmysake.com\/fr\/wp-json\/wp\/v2\/types\/product"}],"wp:featuredmedia":[{"embeddable":true,"href":"https:\/\/ohmysake.com\/fr\/wp-json\/wp\/v2\/media\/3554"}],"wp:attachment":[{"href":"https:\/\/ohmysake.com\/fr\/wp-json\/wp\/v2\/media?parent=3553"}],"wp:term":[{"taxonomy":"product_brand","embeddable":true,"href":"https:\/\/ohmysake.com\/fr\/wp-json\/wp\/v2\/product_brand?post=3553"},{"taxonomy":"product_cat","embeddable":true,"href":"https:\/\/ohmysake.com\/fr\/wp-json\/wp\/v2\/product_cat?post=3553"},{"taxonomy":"product_tag","embeddable":true,"href":"https:\/\/ohmysake.com\/fr\/wp-json\/wp\/v2\/product_tag?post=3553"}],"curies":[{"name":"wp","href":"https:\/\/api.w.org\/{rel}","templated":true}]}}