{"id":3551,"date":"2025-03-09T11:31:00","date_gmt":"2025-03-09T11:31:00","guid":{"rendered":"https:\/\/ohmysake.com\/?post_type=product&#038;p=3551"},"modified":"2025-03-15T14:00:10","modified_gmt":"2025-03-15T14:00:10","slug":"kounotori-junmai-ginjo","status":"publish","type":"product","link":"https:\/\/ohmysake.com\/fr\/produit\/kounotori-junmai-ginjo\/","title":{"rendered":"Kounotori Junmai Ginjo"},"content":{"rendered":"<div class=\"w-text\">\n<p>Un \u00ab sak\u00e9 biologique \u00bb de la brasserie Sakuramasamune. Aucun pesticide n\u2019a \u00e9t\u00e9 utilis\u00e9 dans les rizi\u00e8res pour les prot\u00e9ger des bact\u00e9ries et des parasites. Ce sont en fait les cigognes qui font le n\u00e9cessaire pour prot\u00e9ger le riz.<\/p>\n<p>On retrouve un nez doux avec des notes l\u00e9g\u00e8rement aromatiques de litchi et de pomme. Le go\u00fbt pr\u00e9sente une belle rondeur avec un arri\u00e8re-go\u00fbt l\u00e9g\u00e8rement exotique.<\/p>\n<\/div>","protected":false},"excerpt":{"rendered":"<p class=\"additional-information translation-block\"><strong>Brasserie<\/strong>\u00a0: Sakuramasamune (Kobe, Hyogo)<br>\n<strong>Type<\/strong>\u00a0: Junmai Ginjo<br>\nRiz\u00a0: 100\u00a0% Gohyakumangoku<br>\n<strong>Degr\u00e9 de polissage<\/strong>\u00a0: 60\u00a0%<br>\n<strong>Alcool<\/strong>\u00a0: 15,5\u00a0%<br>\n<strong>Contenu<\/strong>\u00a0: 720\u00a0ml<br>\n<strong>Valeur du compteur de sak\u00e9<\/strong>\u00a0: +2,0<br>\n<strong>Temp\u00e9rature de service<\/strong>\u00a0: 12\u00b0C<br>\n<strong>Se marie bien<\/strong>\u00a0: Plats de poulet et de viande tendre<br>\nIngr\u00e9dients\u00a0: Eau, riz, koji, levure<\/p>\n<p class=\"additional-information\"><small><i class=\"red\">* Livr\u00e9 dans sa bo\u00eete cartonn\u00e9e individuelle.<\/i><\/small><\/p>","protected":false},"featured_media":3552,"template":"","meta":[],"product_brand":[58],"product_cat":[66,68],"product_tag":[41,78],"class_list":{"0":"post-3551","1":"product","2":"type-product","3":"status-publish","4":"has-post-thumbnail","6":"product_brand-sake","7":"product_cat-djunmai-ginjo","8":"product_cat-bsake","9":"product_tag-fruitig","10":"product_tag-hyogo","12":"first","13":"instock","14":"taxable","15":"shipping-taxable","16":"purchasable","17":"product-type-simple"},"_links":{"self":[{"href":"https:\/\/ohmysake.com\/fr\/wp-json\/wp\/v2\/product\/3551","targetHints":{"allow":["GET"]}}],"collection":[{"href":"https:\/\/ohmysake.com\/fr\/wp-json\/wp\/v2\/product"}],"about":[{"href":"https:\/\/ohmysake.com\/fr\/wp-json\/wp\/v2\/types\/product"}],"wp:featuredmedia":[{"embeddable":true,"href":"https:\/\/ohmysake.com\/fr\/wp-json\/wp\/v2\/media\/3552"}],"wp:attachment":[{"href":"https:\/\/ohmysake.com\/fr\/wp-json\/wp\/v2\/media?parent=3551"}],"wp:term":[{"taxonomy":"product_brand","embeddable":true,"href":"https:\/\/ohmysake.com\/fr\/wp-json\/wp\/v2\/product_brand?post=3551"},{"taxonomy":"product_cat","embeddable":true,"href":"https:\/\/ohmysake.com\/fr\/wp-json\/wp\/v2\/product_cat?post=3551"},{"taxonomy":"product_tag","embeddable":true,"href":"https:\/\/ohmysake.com\/fr\/wp-json\/wp\/v2\/product_tag?post=3551"}],"curies":[{"name":"wp","href":"https:\/\/api.w.org\/{rel}","templated":true}]}}