{"id":3549,"date":"2025-03-09T11:25:04","date_gmt":"2025-03-09T11:25:04","guid":{"rendered":"https:\/\/ohmysake.com\/?post_type=product&#038;p=3549"},"modified":"2025-10-03T05:18:33","modified_gmt":"2025-10-03T05:18:33","slug":"sparkling-dry-futsushu","status":"publish","type":"product","link":"https:\/\/ohmysake.com\/fr\/produit\/sparkling-dry-futsushu\/","title":{"rendered":"Sparkling Dry Futsushu"},"content":{"rendered":"<div class=\"w-text\">\n<p>Un nouveau sak\u00e9 pour une nouvelle \u00e8re ! Un produit tr\u00e8s r\u00e9cent (2015-2016) dans la chronologie du sak\u00e9.<\/p>\n<p>Avec ce sak\u00e9 p\u00e9tillant, nous d\u00e9couvrons un riche bouquet de fruits exotiques, magnifiquement \u00e9quilibr\u00e9 avec une touche d'argrum. Une \u00e9norme fra\u00eecheur qui convient toujours \u00e0 l'ap\u00e9ritif.<\/p>\n<p>Soyez surpris !<\/p>\n<\/div>\n<div class=\"row-spaced\"><\/div>\n<div class=\"form-group nmb\"><\/div>","protected":false},"excerpt":{"rendered":"<p class=\"additional-information translation-block\"><strong>Brasserie<\/strong>\u00a0: Sakuramasamune (Kobe, Hyogo)<br>\n<strong>Type<\/strong>\u00a0: Futsushu<br>\nRiz\u00a0: M\u00e9lange de riz Hyogo<br>\n<strong>Degr\u00e9 de polissage<\/strong>\u00a0: &gt; 70\u00a0%<br>\n<strong>Alcool<\/strong>\u00a0: 11\u00a0%<br>\n<strong>Contenu<\/strong>\u00a0: 200\u00a0ml<br>\n<strong>Valeur du compteur de sak\u00e9<\/strong>\u00a0: -15<br>\n<strong>Temp\u00e9rature de service<\/strong>\u00a0: 5-10\u00a0\u00b0C<br>\n<strong>Se marie bien<\/strong>\u00a0: Tapas, noix, ap\u00e9ritifs, fritures<br>\nIngr\u00e9dients : Eau, riz, riz malt\u00e9 et alcool de bi\u00e8re<\/p>\n<p><small><i class=\"red\">* International Wine Challenge\u00ae 2018 : M\u00e9daille de Bronze (Cat\u00e9gorie Sak\u00e9)<\/i><\/small><\/p>","protected":false},"featured_media":3550,"template":"","meta":[],"product_brand":[58],"product_cat":[74,68],"product_tag":[40,78],"class_list":{"0":"post-3549","1":"product","2":"type-product","3":"status-publish","4":"has-post-thumbnail","6":"product_brand-sake","7":"product_cat-afutsushu","8":"product_cat-bsake","9":"product_tag-droog","10":"product_tag-hyogo","12":"first","13":"instock","14":"taxable","15":"shipping-taxable","16":"purchasable","17":"product-type-simple"},"_links":{"self":[{"href":"https:\/\/ohmysake.com\/fr\/wp-json\/wp\/v2\/product\/3549","targetHints":{"allow":["GET"]}}],"collection":[{"href":"https:\/\/ohmysake.com\/fr\/wp-json\/wp\/v2\/product"}],"about":[{"href":"https:\/\/ohmysake.com\/fr\/wp-json\/wp\/v2\/types\/product"}],"wp:featuredmedia":[{"embeddable":true,"href":"https:\/\/ohmysake.com\/fr\/wp-json\/wp\/v2\/media\/3550"}],"wp:attachment":[{"href":"https:\/\/ohmysake.com\/fr\/wp-json\/wp\/v2\/media?parent=3549"}],"wp:term":[{"taxonomy":"product_brand","embeddable":true,"href":"https:\/\/ohmysake.com\/fr\/wp-json\/wp\/v2\/product_brand?post=3549"},{"taxonomy":"product_cat","embeddable":true,"href":"https:\/\/ohmysake.com\/fr\/wp-json\/wp\/v2\/product_cat?post=3549"},{"taxonomy":"product_tag","embeddable":true,"href":"https:\/\/ohmysake.com\/fr\/wp-json\/wp\/v2\/product_tag?post=3549"}],"curies":[{"name":"wp","href":"https:\/\/api.w.org\/{rel}","templated":true}]}}