{"id":2877,"date":"2025-03-05T16:19:11","date_gmt":"2025-03-05T16:19:11","guid":{"rendered":"https:\/\/ohmysake.com\/?post_type=product&#038;p=2877"},"modified":"2025-03-09T14:28:35","modified_gmt":"2025-03-09T14:28:35","slug":"nagano","status":"publish","type":"product","link":"https:\/\/ohmysake.com\/fr\/produit\/nagano\/","title":{"rendered":"Fukumimi Junmai Nama Genshu"},"content":{"rendered":"<p>Ce sak\u00e9 est vieilli pendant deux ans avec une saveur profonde de rhum au beurre, de pomme cuite, de cacao, d'orange, de p\u00eache, de caramel, de shitake, de malt et d'ar\u00f4mes de miel.\u00a0Cela continue \u00e9galement le processus de maturation du sak\u00e9 brut.<\/p>\n<p>Ce sak\u00e9 cors\u00e9 et complexe est le produit d'une excellente technique et d'une passion et d'un d\u00e9vouement total pour faire m\u00fbrir un sak\u00e9 jusqu'\u00e0 son essence parfaite. Rond, onctueux, riche, sirupeux et rempli d'une profondeur umami, ce sak\u00e9 glisse sur le palais dans un flux doux et velout\u00e9. Attendez-vous \u00e0 un \u00e9ventail de saveurs vaste, complexe et extr\u00eamement agr\u00e9able \u00e0 boire.<\/p>\n<p>L'eau utilis\u00e9e ici est l'eau de source des Alpes du Nord du Japon.<\/p>","protected":false},"excerpt":{"rendered":"<p class=\"translation-block\">Brasserie\u00a0: Fukugen Shuzo (Nagano)<br>\n<strong>Type<\/strong>\u00a0: Junmai Nama Genshu<br>\nRiz\u00a0: Hitogokochi<br>\n<strong>Degr\u00e9 de polissage<\/strong>\u00a0: 59\u00a0%<br>\n<strong>Alcool<\/strong>\u00a0: 16\u00a0%<br>\n<strong>Contenu<\/strong>\u00a0: 720\u00a0ml<br>\n<strong>Valeur du compteur de sak\u00e9<\/strong>\u00a0: +1<br>\n<strong>Temp\u00e9rature de service<\/strong>\u00a0: 8-12 \u00b0C<br>\n<strong>Se marie bien<\/strong> avec\u00a0: Poisson, viande<br>\nIngr\u00e9dients\u00a0: Eau, riz, koji, levure<\/p>","protected":false},"featured_media":3601,"template":"","meta":[],"product_brand":[58],"product_cat":[65,68],"product_tag":[42,79],"class_list":{"0":"post-2877","1":"product","2":"type-product","3":"status-publish","4":"has-post-thumbnail","6":"product_brand-sake","7":"product_cat-cjunmai","8":"product_cat-bsake","9":"product_tag-graanig","10":"product_tag-nagano","12":"first","13":"instock","14":"taxable","15":"shipping-taxable","16":"purchasable","17":"product-type-simple"},"_links":{"self":[{"href":"https:\/\/ohmysake.com\/fr\/wp-json\/wp\/v2\/product\/2877","targetHints":{"allow":["GET"]}}],"collection":[{"href":"https:\/\/ohmysake.com\/fr\/wp-json\/wp\/v2\/product"}],"about":[{"href":"https:\/\/ohmysake.com\/fr\/wp-json\/wp\/v2\/types\/product"}],"wp:featuredmedia":[{"embeddable":true,"href":"https:\/\/ohmysake.com\/fr\/wp-json\/wp\/v2\/media\/3601"}],"wp:attachment":[{"href":"https:\/\/ohmysake.com\/fr\/wp-json\/wp\/v2\/media?parent=2877"}],"wp:term":[{"taxonomy":"product_brand","embeddable":true,"href":"https:\/\/ohmysake.com\/fr\/wp-json\/wp\/v2\/product_brand?post=2877"},{"taxonomy":"product_cat","embeddable":true,"href":"https:\/\/ohmysake.com\/fr\/wp-json\/wp\/v2\/product_cat?post=2877"},{"taxonomy":"product_tag","embeddable":true,"href":"https:\/\/ohmysake.com\/fr\/wp-json\/wp\/v2\/product_tag?post=2877"}],"curies":[{"name":"wp","href":"https:\/\/api.w.org\/{rel}","templated":true}]}}