{"id":2645,"date":"2025-03-02T12:25:51","date_gmt":"2025-03-02T12:25:51","guid":{"rendered":"https:\/\/ohmysake.com\/?post_type=product&#038;p=2645"},"modified":"2025-03-10T08:34:10","modified_gmt":"2025-03-10T08:34:10","slug":"shochu-test","status":"publish","type":"product","link":"https:\/\/ohmysake.com\/fr\/produit\/shochu-test\/","title":{"rendered":"Genzo-G"},"content":{"rendered":"<p>Avec 25 % d'alcool, ce shochu de riz est plus faible que le whisky ou la vodka ordinaire, mais plus fort que le vin ou le sak\u00e9.<\/p>\n<p>Il s'agit d'un authentique shochu de riz fabriqu\u00e9 par une brasserie de sak\u00e9 qui distille son riz et le fait vieillir pendant plus de 3 ans dans des f\u00fbts de ch\u00eane blanc occidentaux. C'est une liqueur douce avec un ar\u00f4me riche et un go\u00fbt doux.<\/p>\n<p>Essayez celui-ci de diff\u00e9rentes mani\u00e8res\u00a0:<\/p>\n<div>\u2022 Pur<\/div>\n<div>\u2022 On the rocks<\/div>\n<div>\u2022 M\u00e9lang\u00e9 avec de l\u2019eau ti\u00e8de ou ti\u00e8de.<\/div>\n<div>\u2022 M\u00e9lang\u00e9 avec du th\u00e9 (oolong) ou du jus de fruits.<\/div>\n<div>\u2022 En cocktail, d\u00e9couvrez nos cocktails pour \u00e7a !<\/div>\n<p>&nbsp;<\/p>","protected":false},"excerpt":{"rendered":"<p class=\"translation-block\">Brasserie\u00a0: Kitagawa Honke (Fushimi, Kyoto)\n<strong>Type<\/strong>\u00a0: Shochu<br>\n<strong>Alcool<\/strong>\u00a0: 25\u00a0%<br>\n<strong>Contenu<\/strong>\u00a0: 720\u00a0ml<\/p>","protected":false},"featured_media":3665,"template":"","meta":[],"product_brand":[],"product_cat":[56],"product_tag":[83],"class_list":{"0":"post-2645","1":"product","2":"type-product","3":"status-publish","4":"has-post-thumbnail","6":"product_cat-dshochu","7":"product_tag-kyoto","9":"first","10":"instock","11":"taxable","12":"shipping-taxable","13":"purchasable","14":"product-type-simple"},"_links":{"self":[{"href":"https:\/\/ohmysake.com\/fr\/wp-json\/wp\/v2\/product\/2645","targetHints":{"allow":["GET"]}}],"collection":[{"href":"https:\/\/ohmysake.com\/fr\/wp-json\/wp\/v2\/product"}],"about":[{"href":"https:\/\/ohmysake.com\/fr\/wp-json\/wp\/v2\/types\/product"}],"wp:featuredmedia":[{"embeddable":true,"href":"https:\/\/ohmysake.com\/fr\/wp-json\/wp\/v2\/media\/3665"}],"wp:attachment":[{"href":"https:\/\/ohmysake.com\/fr\/wp-json\/wp\/v2\/media?parent=2645"}],"wp:term":[{"taxonomy":"product_brand","embeddable":true,"href":"https:\/\/ohmysake.com\/fr\/wp-json\/wp\/v2\/product_brand?post=2645"},{"taxonomy":"product_cat","embeddable":true,"href":"https:\/\/ohmysake.com\/fr\/wp-json\/wp\/v2\/product_cat?post=2645"},{"taxonomy":"product_tag","embeddable":true,"href":"https:\/\/ohmysake.com\/fr\/wp-json\/wp\/v2\/product_tag?post=2645"}],"curies":[{"name":"wp","href":"https:\/\/api.w.org\/{rel}","templated":true}]}}