{"id":1462,"date":"2025-02-19T03:32:34","date_gmt":"2025-02-19T03:32:34","guid":{"rendered":"https:\/\/ohmysake.com\/?post_type=product&#038;p=1462"},"modified":"2025-08-18T16:02:53","modified_gmt":"2025-08-18T16:02:53","slug":"wijn-2","status":"publish","type":"product","link":"https:\/\/ohmysake.com\/fr\/produit\/wijn-2\/","title":{"rendered":"Langhe Nebbiolo DOC 2022"},"content":{"rendered":"<div class=\"elementor-element elementor-element-dfb63c1 e-con-full e-flex e-con e-child\" data-id=\"dfb63c1\" data-element_type=\"container\">\n<div class=\"elementor-element elementor-element-9c17a7e e-con-full e-flex e-con e-child\" data-id=\"9c17a7e\" data-element_type=\"container\">\n<div class=\"elementor-element elementor-element-e369150 elementor-widget elementor-widget-wd_text_block\" data-id=\"e369150\" data-element_type=\"widget\" data-widget_type=\"wd_text_block.default\">\n<div class=\"elementor-widget-container\">\n<div class=\"wd-text-block reset-last-child text-left color-title\">\n<p data-start=\"0\" data-end=\"63\"><strong data-start=\"0\" data-end=\"61\">Het Wijnhuis Cristian Boffa \u2013 Passie, traditie en vernieuwing<\/strong><\/p>\n<p data-start=\"65\" data-end=\"476\">Situ\u00e9e au c\u0153ur des Langhe, la cave Cristian Boffa est une entreprise familiale ax\u00e9e sur la production de vins refl\u00e9tant la puret\u00e9 du terroir. Apr\u00e8s des ann\u00e9es de vente de raisins et de vin en vrac, Cristian a d\u00e9cid\u00e9 de mettre en bouteille ses propres vins en 2018. Ce faisant, il perp\u00e9tue la tradition de son grand-p\u00e8re, Giacomo Martinat Alessandria, l'un des premiers vignerons de La Morra.<\/p>\n<p data-start=\"478\" data-end=\"906\">Dans le respect de la nature et un lien profond avec la terre, Cristian travaille avec ses parents, Marilena et Stefano, pour cr\u00e9er des vins qui allient tradition et innovation. Les vignobles du domaine sont situ\u00e9s \u00e0 La Morra, principalement dans le hameau de Santa Maria, et dans la prestigieuse Serralunga d'Alba. Ici, les raisins sont cultiv\u00e9s avec soin et savoir-faire qui expriment l'essence de la r\u00e9gion.<\/p>\n<p data-start=\"908\" data-end=\"1299\">Cristian Boffa produit les vins classiques des Langhe, dont un Barbera d'Alba \u00e9lev\u00e9 en barriques, un Langhe Nebbiolo raffin\u00e9 et deux Barolos de caract\u00e8re, dont l'un provient du c\u00e9l\u00e8bre cru Capalot. Chaque bouteille refl\u00e8te le d\u00e9vouement et la passion avec lesquels la cave travaille : une combinaison d'artisanat, de respect de la nature et d'une vision moderne de la vinification.<\/p>\n<p data-start=\"1301\" data-end=\"1500\" data-is-last-node=\"\" data-is-only-node=\"\">Bij Cristian Boffa draait alles om authenticiteit, kwaliteit en het overbrengen van de unieke smaken van de Langhe.<\/p>\n<\/div>\n<\/div>\n<\/div>\n<\/div>\n<\/div>","protected":false},"excerpt":{"rendered":"<p class=\"translation-block\"><strong data-start=\"0\" data-end=\"16\" data-is-only-node=\"\">Nom du produit\u00a0:<\/strong> Langhe Nebbiolo DOC 2022<br data-start=\"40\" data-end=\"43\"><strong data-start=\"43\" data-end=\"60\">C\u00e9page\u00a0:<\/strong> 100\u00a0% Nebbiolo<br data-start=\"73\" data-end=\"76\"><strong data-start=\"76\" data-end=\"97\">Appellation d\u2019origine\u00a0:<\/strong> Langhe<br data-start=\"112\" data-end=\"115\"><strong data-start=\"115\" data-end=\"133\">Classification\u00a0:<\/strong> DOC<br data-start=\"137\" data-end=\"140\"><strong data-start=\"140\" data-end=\"150\">Couleur\u00a0:<\/strong> Rouge<br data-start=\"155\" data-end=\"158\"><strong data-start=\"158\" data-end=\"167\">Type\u00a0:<\/strong> Stil<br data-start=\"172\" data-end=\"175\"><strong data-start=\"175\" data-end=\"190\">R\u00e9gion\u00a0:<\/strong> La Morra \u2013 Pi\u00e9mont (Italie)<br data-start=\"210\" data-end=\"213\"><strong data-start=\"213\" data-end=\"227\">Ann\u00e9e de r\u00e9colte\u00a0:<\/strong> 2022<br data-start=\"232\" data-end=\"235\"><strong data-start=\"235\" data-end=\"247\">Vieillissement\u00a0:<\/strong> 6 mois en bouteilles<\/p>","protected":false},"featured_media":3727,"template":"","meta":[],"product_brand":[],"product_cat":[46],"product_tag":[],"class_list":{"0":"post-1462","1":"product","2":"type-product","3":"status-publish","4":"has-post-thumbnail","6":"product_cat-wijn","8":"first","9":"outofstock","10":"taxable","11":"shipping-taxable","12":"purchasable","13":"product-type-simple"},"_links":{"self":[{"href":"https:\/\/ohmysake.com\/fr\/wp-json\/wp\/v2\/product\/1462","targetHints":{"allow":["GET"]}}],"collection":[{"href":"https:\/\/ohmysake.com\/fr\/wp-json\/wp\/v2\/product"}],"about":[{"href":"https:\/\/ohmysake.com\/fr\/wp-json\/wp\/v2\/types\/product"}],"wp:featuredmedia":[{"embeddable":true,"href":"https:\/\/ohmysake.com\/fr\/wp-json\/wp\/v2\/media\/3727"}],"wp:attachment":[{"href":"https:\/\/ohmysake.com\/fr\/wp-json\/wp\/v2\/media?parent=1462"}],"wp:term":[{"taxonomy":"product_brand","embeddable":true,"href":"https:\/\/ohmysake.com\/fr\/wp-json\/wp\/v2\/product_brand?post=1462"},{"taxonomy":"product_cat","embeddable":true,"href":"https:\/\/ohmysake.com\/fr\/wp-json\/wp\/v2\/product_cat?post=1462"},{"taxonomy":"product_tag","embeddable":true,"href":"https:\/\/ohmysake.com\/fr\/wp-json\/wp\/v2\/product_tag?post=1462"}],"curies":[{"name":"wp","href":"https:\/\/api.w.org\/{rel}","templated":true}]}}