{"id":1250,"date":"2025-02-18T13:44:58","date_gmt":"2025-02-18T13:44:58","guid":{"rendered":"https:\/\/ohmysake.com\/?post_type=product&#038;p=1250"},"modified":"2025-03-15T14:01:20","modified_gmt":"2025-03-15T14:01:20","slug":"test-7","status":"publish","type":"product","link":"https:\/\/ohmysake.com\/fr\/produit\/test-7\/","title":{"rendered":"Komodaru Honjozo"},"content":{"rendered":"<p>Sak\u00e9 Honjozo en format sp\u00e9cial.<\/p>\n<p>Une saveur umami douce et riche est cach\u00e9e dans ce f\u00fbt tr\u00e8s traditionnel (tiss\u00e9 \u00e0 la main) de 300 ml.<\/p>\n<p>Parfait comme cadeau !<\/p>","protected":false},"excerpt":{"rendered":"<p class=\"additional-information translation-block\"><strong>Type<\/strong>\u00a0: Honjozo<br>\nRiz : m\u00e9lange Hyogo<br>\n<strong>Degr\u00e9 de polissage<\/strong>\u00a0: 70\u00a0%<br>\n<strong>Alcool<\/strong>\u00a0: 15,5<br>\n<strong>Contenu<\/strong>\u00a0: 300\u00a0ml<br>\n<strong>Valeur du compteur de sak\u00e9<\/strong>\u00a0: +1,5<br>\n<strong>Se marie bien<\/strong>\u00a0: Tapas, noix, ap\u00e9ritifs, fritures<br>\nIngr\u00e9dients : Eau, riz, riz malt\u00e9 et alcool de bi\u00e8re<\/p>\n<p>&nbsp;<\/p>","protected":false},"featured_media":2952,"template":"","meta":[],"product_brand":[58],"product_cat":[52,91,68],"product_tag":[78],"class_list":{"0":"post-1250","1":"product","2":"type-product","3":"status-publish","4":"has-post-thumbnail","6":"product_brand-sake","7":"product_cat-ggeschenkdozen","8":"product_cat-bhonjozo","9":"product_cat-bsake","10":"product_tag-hyogo","12":"first","13":"instock","14":"taxable","15":"shipping-taxable","16":"purchasable","17":"product-type-simple"},"_links":{"self":[{"href":"https:\/\/ohmysake.com\/fr\/wp-json\/wp\/v2\/product\/1250","targetHints":{"allow":["GET"]}}],"collection":[{"href":"https:\/\/ohmysake.com\/fr\/wp-json\/wp\/v2\/product"}],"about":[{"href":"https:\/\/ohmysake.com\/fr\/wp-json\/wp\/v2\/types\/product"}],"wp:featuredmedia":[{"embeddable":true,"href":"https:\/\/ohmysake.com\/fr\/wp-json\/wp\/v2\/media\/2952"}],"wp:attachment":[{"href":"https:\/\/ohmysake.com\/fr\/wp-json\/wp\/v2\/media?parent=1250"}],"wp:term":[{"taxonomy":"product_brand","embeddable":true,"href":"https:\/\/ohmysake.com\/fr\/wp-json\/wp\/v2\/product_brand?post=1250"},{"taxonomy":"product_cat","embeddable":true,"href":"https:\/\/ohmysake.com\/fr\/wp-json\/wp\/v2\/product_cat?post=1250"},{"taxonomy":"product_tag","embeddable":true,"href":"https:\/\/ohmysake.com\/fr\/wp-json\/wp\/v2\/product_tag?post=1250"}],"curies":[{"name":"wp","href":"https:\/\/api.w.org\/{rel}","templated":true}]}}