{"id":1245,"date":"2025-02-18T13:38:58","date_gmt":"2025-02-18T13:38:58","guid":{"rendered":"https:\/\/ohmysake.com\/?post_type=product&#038;p=1245"},"modified":"2025-09-23T07:52:59","modified_gmt":"2025-09-23T07:52:59","slug":"sakurajunmai","status":"publish","type":"product","link":"https:\/\/ohmysake.com\/fr\/produit\/sakurajunmai\/","title":{"rendered":"Sakura Junmai"},"content":{"rendered":"<p>Un exemple parfait d'un sak\u00e9 typique de Hyogo, fabriqu\u00e9 \u00e0 partir de riz Yamadanishiki. Ce riz est le compagnon id\u00e9al de la levure, qui peut faire son travail \u00e0 merveille au niveau du go\u00fbt.<\/p>\n<p>Dans ce cas, l\u2019accent est mis, comme le nom de la bouteille l\u2019indique, sur les fleurs. Ces impressions florales ne font qu'augmenter si ce sak\u00e9 est servi chaud. (45\u00b0C)<\/p>","protected":false},"excerpt":{"rendered":"<p class=\"translation-block\"><strong>Brasserie<\/strong>\u00a0: Sakuramasamune (Kobe, Hyogo)<br>\n<strong>Type<\/strong>\u00a0: Junmai<br>\nRiz\u00a0: 100\u00a0% Yamadanishiki<br>\n<strong>Degr\u00e9 de polissage<\/strong>\u00a0: 70\u00a0%<br>\n<strong>Alcool<\/strong>\u00a0: 14\u00a0%<br>\n<strong>Contenu<\/strong>\u00a0: 720\u00a0ml<br>\n<strong>Temp\u00e9rature de service<\/strong> : +-12\u00b0C \/ 45\u00b0C<br>\n<strong>Se marie bien<\/strong>\u00a0: chou, asperges, salades fra\u00eeches<br>\nIngr\u00e9dients\u00a0: Eau, riz, koji, levure<\/p>","protected":false},"featured_media":2940,"template":"","meta":[],"product_brand":[],"product_cat":[65,68],"product_tag":[90,78],"class_list":{"0":"post-1245","1":"product","2":"type-product","3":"status-publish","4":"has-post-thumbnail","6":"product_cat-cjunmai","7":"product_cat-bsake","8":"product_tag-floraal","9":"product_tag-hyogo","11":"first","12":"instock","13":"taxable","14":"shipping-taxable","15":"purchasable","16":"product-type-simple"},"_links":{"self":[{"href":"https:\/\/ohmysake.com\/fr\/wp-json\/wp\/v2\/product\/1245","targetHints":{"allow":["GET"]}}],"collection":[{"href":"https:\/\/ohmysake.com\/fr\/wp-json\/wp\/v2\/product"}],"about":[{"href":"https:\/\/ohmysake.com\/fr\/wp-json\/wp\/v2\/types\/product"}],"wp:featuredmedia":[{"embeddable":true,"href":"https:\/\/ohmysake.com\/fr\/wp-json\/wp\/v2\/media\/2940"}],"wp:attachment":[{"href":"https:\/\/ohmysake.com\/fr\/wp-json\/wp\/v2\/media?parent=1245"}],"wp:term":[{"taxonomy":"product_brand","embeddable":true,"href":"https:\/\/ohmysake.com\/fr\/wp-json\/wp\/v2\/product_brand?post=1245"},{"taxonomy":"product_cat","embeddable":true,"href":"https:\/\/ohmysake.com\/fr\/wp-json\/wp\/v2\/product_cat?post=1245"},{"taxonomy":"product_tag","embeddable":true,"href":"https:\/\/ohmysake.com\/fr\/wp-json\/wp\/v2\/product_tag?post=1245"}],"curies":[{"name":"wp","href":"https:\/\/api.w.org\/{rel}","templated":true}]}}