{"id":1244,"date":"2025-02-18T13:35:49","date_gmt":"2025-02-18T13:35:49","guid":{"rendered":"https:\/\/ohmysake.com\/?post_type=product&#038;p=1244"},"modified":"2025-03-15T14:01:43","modified_gmt":"2025-03-15T14:01:43","slug":"miyamizu-no-hana","status":"publish","type":"product","link":"https:\/\/ohmysake.com\/fr\/produit\/miyamizu-no-hana\/","title":{"rendered":"Miyamizu No Hana Tokubetsu Junmai"},"content":{"rendered":"<p>\u00ab Miyamizu \u00bb est une source d\u2019eau d\u00e9couverte par la 6\u00e8me g\u00e9n\u00e9ration de la brasserie Sakuramasamune. Cette eau est utilis\u00e9e \u00e0 cette fin.<\/p>\n<p>Nous pouvons servir ce sak\u00e9 parfaitement froid ou chaud :<\/p>\n<div><span style=\"text-decoration: underline\">Froid (10-12 degr\u00e9s)<\/span><\/div>\n<div>En sentant ce sak\u00e9, nous ressentons des fruits jeunes et frais avec une impression florale. A la d\u00e9gustation, un beau caract\u00e8re granuleux se d\u00e9gage du fruit.<\/div>\n<div><\/div>\n<div><span style=\"text-decoration: underline\">Chaud (40-45 degr\u00e9s)<\/span><\/div>\n<div>Une sensation ! Le go\u00fbt fruit\u00e9 frais se transforme en un go\u00fbt puissant de grain entier. La chaleur cr\u00e9e une exp\u00e9rience umami compl\u00e8te.<\/div>","protected":false},"excerpt":{"rendered":"<p class=\"additional-information translation-block\"><strong>Brasserie<\/strong>\u00a0: Sakuramasamune (Kobe, Hyogo)<br>\n<strong>Type<\/strong>\u00a0: Tokubetsu Junmai<br>\nRiz\u00a0: 100\u00a0% Yamadanishiki<br>\n<strong>Degr\u00e9 de polissage<\/strong>\u00a0: 65\u00a0%<br>\n<strong>Alcool<\/strong>\u00a0: 15-16\u00a0%<br>\n<strong>Contenu<\/strong>\u00a0: 720\u00a0ml<br>\n<strong>Valeur du compteur de sak\u00e9<\/strong>\u00a0: +3<br>\n<strong>Temp\u00e9rature de service<\/strong>\u00a0: 10-45 \u00b0C<br>\n<strong>Se marie bien<\/strong>\u00a0: Poisson, hu\u00eetres, olives, l\u00e9gumes frits<br>\nIngr\u00e9dients\u00a0: Eau, riz, koji, levure<\/p>\n<p><small><i class=\"red\">* Livr\u00e9 dans la bo\u00eete en carton correspondante.<\/i><\/small><\/p>","protected":false},"featured_media":2964,"template":"","meta":[],"product_brand":[58],"product_cat":[65,68],"product_tag":[78],"class_list":{"0":"post-1244","1":"product","2":"type-product","3":"status-publish","4":"has-post-thumbnail","6":"product_brand-sake","7":"product_cat-cjunmai","8":"product_cat-bsake","9":"product_tag-hyogo","11":"first","12":"instock","13":"taxable","14":"shipping-taxable","15":"purchasable","16":"product-type-variable"},"_links":{"self":[{"href":"https:\/\/ohmysake.com\/fr\/wp-json\/wp\/v2\/product\/1244","targetHints":{"allow":["GET"]}}],"collection":[{"href":"https:\/\/ohmysake.com\/fr\/wp-json\/wp\/v2\/product"}],"about":[{"href":"https:\/\/ohmysake.com\/fr\/wp-json\/wp\/v2\/types\/product"}],"wp:featuredmedia":[{"embeddable":true,"href":"https:\/\/ohmysake.com\/fr\/wp-json\/wp\/v2\/media\/2964"}],"wp:attachment":[{"href":"https:\/\/ohmysake.com\/fr\/wp-json\/wp\/v2\/media?parent=1244"}],"wp:term":[{"taxonomy":"product_brand","embeddable":true,"href":"https:\/\/ohmysake.com\/fr\/wp-json\/wp\/v2\/product_brand?post=1244"},{"taxonomy":"product_cat","embeddable":true,"href":"https:\/\/ohmysake.com\/fr\/wp-json\/wp\/v2\/product_cat?post=1244"},{"taxonomy":"product_tag","embeddable":true,"href":"https:\/\/ohmysake.com\/fr\/wp-json\/wp\/v2\/product_tag?post=1244"}],"curies":[{"name":"wp","href":"https:\/\/api.w.org\/{rel}","templated":true}]}}