{"id":1240,"date":"2025-02-18T13:26:04","date_gmt":"2025-02-18T13:26:04","guid":{"rendered":"https:\/\/ohmysake.com\/?post_type=product&#038;p=1240"},"modified":"2025-03-15T14:01:52","modified_gmt":"2025-03-15T14:01:52","slug":"hanashizuku","status":"publish","type":"product","link":"https:\/\/ohmysake.com\/fr\/produit\/hanashizuku\/","title":{"rendered":"Hanashizuku Futsushu"},"content":{"rendered":"<div class=\"w-text\">\n<p>Comme le sak\u00e9 p\u00e9tillant, celui-ci appartient \u00e9galement au \u00ab nouveau style \u00bb de sak\u00e9 au Japon.<\/p>\n<p>Dans ce sak\u00e9 on d\u00e9couvre un charmant bouquet de petits fruits rouges aux accents l\u00e9g\u00e8rement sal\u00e9s\/sal\u00e9s. La jutosit\u00e9 agr\u00e9able en bouche avec un arri\u00e8re-go\u00fbt teint\u00e9 de fruits rouges m\u00fbrs.<\/p>\n<p>Cela nous rappelle un vin de Provence.<\/p>\n<\/div>\n<div class=\"row-spaced\"><\/div>\n<div class=\"form-group nmb\"><\/div>","protected":false},"excerpt":{"rendered":"<p class=\"additional-information translation-block\"><strong>Brasserie<\/strong>\u00a0: Sakuramasamune (Kobe, Hyogo)<br>\n<strong>Type<\/strong>\u00a0: Futsushu<br>\nRiz : m\u00e9lange Shikokumai et Ippanmai<br>\n<strong>Degr\u00e9 de polissage<\/strong>\u00a0: 70\u00a0%<br>\n<strong>Alcool<\/strong>\u00a0: 13,5\u00a0%<br>\n<strong>Contenu<\/strong>\u00a0: 720\u00a0ml<br>\n<strong>Valeur du compteur de sak\u00e9<\/strong>\u00a0: +3,0<br>\n<strong>Temp\u00e9rature de service<\/strong>\u00a0: 8-12\u00a0\u00b0C<br>\n<strong>Se marie bien<\/strong> : Avec des salades, \u00e0 l'ap\u00e9ritif, des plats l\u00e9gers<br>\nIngr\u00e9dients\u00a0: Eau, riz, koji, levure<\/p>\n<p><small><i class=\"red\">* La couleur rose est due \u00e0 l'utilisation de riz rouge fonc\u00e9.<\/i><\/small><\/p>","protected":false},"featured_media":2378,"template":"","meta":[],"product_brand":[58],"product_cat":[74,68],"product_tag":[41,78],"class_list":{"0":"post-1240","1":"product","2":"type-product","3":"status-publish","4":"has-post-thumbnail","6":"product_brand-sake","7":"product_cat-afutsushu","8":"product_cat-bsake","9":"product_tag-fruitig","10":"product_tag-hyogo","12":"first","13":"instock","14":"taxable","15":"shipping-taxable","16":"purchasable","17":"product-type-simple"},"_links":{"self":[{"href":"https:\/\/ohmysake.com\/fr\/wp-json\/wp\/v2\/product\/1240","targetHints":{"allow":["GET"]}}],"collection":[{"href":"https:\/\/ohmysake.com\/fr\/wp-json\/wp\/v2\/product"}],"about":[{"href":"https:\/\/ohmysake.com\/fr\/wp-json\/wp\/v2\/types\/product"}],"wp:featuredmedia":[{"embeddable":true,"href":"https:\/\/ohmysake.com\/fr\/wp-json\/wp\/v2\/media\/2378"}],"wp:attachment":[{"href":"https:\/\/ohmysake.com\/fr\/wp-json\/wp\/v2\/media?parent=1240"}],"wp:term":[{"taxonomy":"product_brand","embeddable":true,"href":"https:\/\/ohmysake.com\/fr\/wp-json\/wp\/v2\/product_brand?post=1240"},{"taxonomy":"product_cat","embeddable":true,"href":"https:\/\/ohmysake.com\/fr\/wp-json\/wp\/v2\/product_cat?post=1240"},{"taxonomy":"product_tag","embeddable":true,"href":"https:\/\/ohmysake.com\/fr\/wp-json\/wp\/v2\/product_tag?post=1240"}],"curies":[{"name":"wp","href":"https:\/\/api.w.org\/{rel}","templated":true}]}}