{"id":1239,"date":"2025-02-18T13:25:30","date_gmt":"2025-02-18T13:25:30","guid":{"rendered":"https:\/\/ohmysake.com\/?post_type=product&#038;p=1239"},"modified":"2025-03-09T11:28:38","modified_gmt":"2025-03-09T11:28:38","slug":"tomiodry","status":"publish","type":"product","link":"https:\/\/ohmysake.com\/fr\/produit\/tomiodry\/","title":{"rendered":"Tomio Dry Junmai"},"content":{"rendered":"<p>On per\u00e7oit un nez l\u00e9g\u00e8rement aromatique avec une pointe de melon\/zeste. Une agr\u00e9able note d'agrumes s'insinue dans l'ensemble.<\/p>\n<p>Une finale facile avec un picotement sec du caract\u00e8re granuleux d'un sak\u00e9 junmai typique.<\/p>","protected":false},"excerpt":{"rendered":"<p class=\"translation-block\">Brasserie\u00a0: Kitagawa Honke (Fushimi, Kyoto)\n<strong>Type<\/strong>\u00a0: Junmai<br>\nRiz\u00a0: 100\u00a0% Yamadanishiki<br>\n<strong>Degr\u00e9 de polissage<\/strong>\u00a0: 68\u00a0%<br>\n<strong>Alcool<\/strong>\u00a0: 14\u00a0%<br>\n<strong>Contenu<\/strong>\u00a0: 720\u00a0ml<br>\n<strong>Valeur du compteur de sak\u00e9<\/strong>\u00a0: +4,0<br>\n<strong>Temp\u00e9rature de service<\/strong>\u00a0: 10\u00a0\u00b0C<br>\n<strong>Se marie bien<\/strong> avec\u00a0: Poissons et crustac\u00e9s<br>\nIngr\u00e9dients\u00a0: Eau, riz, koji, levure<\/p>","protected":false},"featured_media":2279,"template":"","meta":[],"product_brand":[58],"product_cat":[65,68],"product_tag":[42,83],"class_list":{"0":"post-1239","1":"product","2":"type-product","3":"status-publish","4":"has-post-thumbnail","6":"product_brand-sake","7":"product_cat-cjunmai","8":"product_cat-bsake","9":"product_tag-graanig","10":"product_tag-kyoto","12":"first","13":"instock","14":"taxable","15":"shipping-taxable","16":"purchasable","17":"product-type-simple"},"_links":{"self":[{"href":"https:\/\/ohmysake.com\/fr\/wp-json\/wp\/v2\/product\/1239","targetHints":{"allow":["GET"]}}],"collection":[{"href":"https:\/\/ohmysake.com\/fr\/wp-json\/wp\/v2\/product"}],"about":[{"href":"https:\/\/ohmysake.com\/fr\/wp-json\/wp\/v2\/types\/product"}],"wp:featuredmedia":[{"embeddable":true,"href":"https:\/\/ohmysake.com\/fr\/wp-json\/wp\/v2\/media\/2279"}],"wp:attachment":[{"href":"https:\/\/ohmysake.com\/fr\/wp-json\/wp\/v2\/media?parent=1239"}],"wp:term":[{"taxonomy":"product_brand","embeddable":true,"href":"https:\/\/ohmysake.com\/fr\/wp-json\/wp\/v2\/product_brand?post=1239"},{"taxonomy":"product_cat","embeddable":true,"href":"https:\/\/ohmysake.com\/fr\/wp-json\/wp\/v2\/product_cat?post=1239"},{"taxonomy":"product_tag","embeddable":true,"href":"https:\/\/ohmysake.com\/fr\/wp-json\/wp\/v2\/product_tag?post=1239"}],"curies":[{"name":"wp","href":"https:\/\/api.w.org\/{rel}","templated":true}]}}