{"id":1200,"date":"2025-02-18T12:12:13","date_gmt":"2025-02-18T12:12:13","guid":{"rendered":"https:\/\/ohmysake.com\/?post_type=product&#038;p=1200"},"modified":"2025-03-15T14:02:06","modified_gmt":"2025-03-15T14:02:06","slug":"red-sweet","status":"publish","type":"product","link":"https:\/\/ohmysake.com\/fr\/produit\/red-sweet\/","title":{"rendered":"Red Sweet Futsushu"},"content":{"rendered":"<p>Un joli sak\u00e9 moderne dont la couleur ros\u00e9e provient de l'utilisation de riz rouge fonc\u00e9, presque noir.<\/p>\n<p>Une fermentation tr\u00e8s courte garantit que cette boisson aura un go\u00fbt tr\u00e8s sucr\u00e9. Atypique pour un sak\u00e9, tout comme le pourcentage d'alcool de seulement 11%.<\/p>\n<p>Parfait \u00e0 accompagner en ap\u00e9ritif ou en dessert.<\/p>\n<p>&nbsp;<\/p>\n<p>&nbsp;<\/p>","protected":false},"excerpt":{"rendered":"<p class=\"additional-information translation-block\"><strong>Brasserie<\/strong>\u00a0: Sakuramasamune (Kobe, Hyogo)<br>\n<strong>Type<\/strong>\u00a0: Futsushu<br>\nRiz\u00a0: Riz Shikokumai et Ippanmai (m\u00e9lange)<br>\n<strong>Degr\u00e9 de polissage<\/strong>\u00a0: Rapport de polissage mixte<br>\n<strong>Alcool<\/strong>\u00a0: 11<br>\n<strong>Contenu<\/strong>\u00a0: 360\u00a0ml<br>\n<strong>Valeur du compteur de sak\u00e9<\/strong>\u00a0: \u2013 40<br>\n<strong>Temp\u00e9rature de service<\/strong>\u00a0: 5-10\u00a0\u00b0C<br>\n<strong>Se marie bien avec<\/strong>\u00a0: En alternative au vin blanc doux.<br>\nIngr\u00e9dients\u00a0: Eau, riz, koji, levure<\/p>","protected":false},"featured_media":2925,"template":"","meta":[],"product_brand":[],"product_cat":[74,68],"product_tag":[41,78],"class_list":{"0":"post-1200","1":"product","2":"type-product","3":"status-publish","4":"has-post-thumbnail","6":"product_cat-afutsushu","7":"product_cat-bsake","8":"product_tag-fruitig","9":"product_tag-hyogo","11":"first","12":"instock","13":"taxable","14":"shipping-taxable","15":"purchasable","16":"product-type-simple"},"_links":{"self":[{"href":"https:\/\/ohmysake.com\/fr\/wp-json\/wp\/v2\/product\/1200","targetHints":{"allow":["GET"]}}],"collection":[{"href":"https:\/\/ohmysake.com\/fr\/wp-json\/wp\/v2\/product"}],"about":[{"href":"https:\/\/ohmysake.com\/fr\/wp-json\/wp\/v2\/types\/product"}],"wp:featuredmedia":[{"embeddable":true,"href":"https:\/\/ohmysake.com\/fr\/wp-json\/wp\/v2\/media\/2925"}],"wp:attachment":[{"href":"https:\/\/ohmysake.com\/fr\/wp-json\/wp\/v2\/media?parent=1200"}],"wp:term":[{"taxonomy":"product_brand","embeddable":true,"href":"https:\/\/ohmysake.com\/fr\/wp-json\/wp\/v2\/product_brand?post=1200"},{"taxonomy":"product_cat","embeddable":true,"href":"https:\/\/ohmysake.com\/fr\/wp-json\/wp\/v2\/product_cat?post=1200"},{"taxonomy":"product_tag","embeddable":true,"href":"https:\/\/ohmysake.com\/fr\/wp-json\/wp\/v2\/product_tag?post=1200"}],"curies":[{"name":"wp","href":"https:\/\/api.w.org\/{rel}","templated":true}]}}