{"id":1190,"date":"2025-02-18T11:38:06","date_gmt":"2025-02-18T11:38:06","guid":{"rendered":"https:\/\/ohmysake.com\/?post_type=product&#038;p=1190"},"modified":"2025-10-03T05:19:24","modified_gmt":"2025-10-03T05:19:24","slug":"mare-sakura","status":"publish","type":"product","link":"https:\/\/ohmysake.com\/fr\/produit\/mare-sakura\/","title":{"rendered":"Mare Sakura Futsushu"},"content":{"rendered":"<p>Pour ce Sak\u00e9, la brasserie Sakuramasamune a utilis\u00e9 du riz local de la pr\u00e9fecture de Hyogo.<\/p>\n<p>Le nez et le go\u00fbt s'accordent parfaitement dans cette parfaite harmonie. Un bouquet neutre qui apporte n\u00e9anmoins la fra\u00eecheur n\u00e9cessaire (pomme verte) et la l\u00e9g\u00e8ret\u00e9.<\/p>\n<p>Cette harmonie et cette fra\u00eecheur permettent d'incorporer ce sak\u00e9 en toute s\u00e9curit\u00e9 dans une sauce ou lors d'une cuisson.<\/p>\n<p>&nbsp;<\/p>","protected":false},"excerpt":{"rendered":"<p class=\"translation-block\"><strong>Brasserie<\/strong>\u00a0: Sakuramasamune (Kobe, Hyogo)<br>\n<strong>Type<\/strong>\u00a0: Futsushu<br>\n<strong>Riz<\/strong> : M\u00e9lange de riz de Hyogo<br>\n<strong>Degr\u00e9 de polissage<\/strong>\u00a0: 70\u00a0%<br>\n<strong>Alcool<\/strong>\u00a0: 15-16\u00b0<br>\n<strong>Contenu<\/strong>\u00a0: 720\u00a0ml<br>\n<strong>Valeur du compteur de sak\u00e9<\/strong>\u00a0: +3,0<br>\n<strong>Temp\u00e9rature de service<\/strong>\u00a0: 10-45\u00a0\u00b0C<br>\nIngr\u00e9dients : Eau, riz, riz malt\u00e9, alcool<\/p>","protected":false},"featured_media":1191,"template":"","meta":[],"product_brand":[58],"product_cat":[74,68],"product_tag":[78],"class_list":{"0":"post-1190","1":"product","2":"type-product","3":"status-publish","4":"has-post-thumbnail","6":"product_brand-sake","7":"product_cat-afutsushu","8":"product_cat-bsake","9":"product_tag-hyogo","11":"first","12":"instock","13":"taxable","14":"shipping-taxable","15":"purchasable","16":"product-type-simple"},"_links":{"self":[{"href":"https:\/\/ohmysake.com\/fr\/wp-json\/wp\/v2\/product\/1190","targetHints":{"allow":["GET"]}}],"collection":[{"href":"https:\/\/ohmysake.com\/fr\/wp-json\/wp\/v2\/product"}],"about":[{"href":"https:\/\/ohmysake.com\/fr\/wp-json\/wp\/v2\/types\/product"}],"wp:featuredmedia":[{"embeddable":true,"href":"https:\/\/ohmysake.com\/fr\/wp-json\/wp\/v2\/media\/1191"}],"wp:attachment":[{"href":"https:\/\/ohmysake.com\/fr\/wp-json\/wp\/v2\/media?parent=1190"}],"wp:term":[{"taxonomy":"product_brand","embeddable":true,"href":"https:\/\/ohmysake.com\/fr\/wp-json\/wp\/v2\/product_brand?post=1190"},{"taxonomy":"product_cat","embeddable":true,"href":"https:\/\/ohmysake.com\/fr\/wp-json\/wp\/v2\/product_cat?post=1190"},{"taxonomy":"product_tag","embeddable":true,"href":"https:\/\/ohmysake.com\/fr\/wp-json\/wp\/v2\/product_tag?post=1190"}],"curies":[{"name":"wp","href":"https:\/\/api.w.org\/{rel}","templated":true}]}}