{"id":3598,"date":"2025-03-09T14:25:26","date_gmt":"2025-03-09T14:25:26","guid":{"rendered":"https:\/\/ohmysake.com\/?post_type=product&#038;p=3598"},"modified":"2025-03-09T14:26:41","modified_gmt":"2025-03-09T14:26:41","slug":"fukugen-junmai-daiginjo-nama-genshu-muroka","status":"publish","type":"product","link":"https:\/\/ohmysake.com\/en\/product\/fukugen-junmai-daiginjo-nama-genshu-muroka\/","title":{"rendered":"Fukugen Junmai Daiginjo Nama Genshu Muroka"},"content":{"rendered":"<p>A thick, full-bodied sake that has been carefully matured in the brewery.<\/p>\n<p>Junmai Daiginjo is the finest sake with an elegant incense and a ripe rich taste that spreads in the mouth.<\/p>\n<p>This sake is brewed according to the traditional method inherited by the master brewers.<\/p>\n<p>This one is hand brewed according to our traditional recipe that has been passed down for generations.<\/p>\n<p>A Daiginjo sake is a sake of the highest quality that has a strong body with a sensitive &amp; ripe taste.<\/p>\n<p>Le riz utilis\u00e9 ici est du Miyamanishiki et est cultiv\u00e9 et r\u00e9colt\u00e9 dans leur propre brasserie.<\/p>\n<p>The long maturation process produces the richest flavor of Fukugen Junmai Daiginjo.<\/p>\n<p>It is fermented at a very low temperature and for a longer period of time.<\/p>","protected":false},"excerpt":{"rendered":"<p class=\"additional-information translation-block\"><strong>Brewery<\/strong>: Fukugen Shuzo (Nagano)<br>\n<strong>Type<\/strong>: Junmai Daiginjo Genshu Nama Muroka<br>\n<strong>Rice<\/strong>: Miyamanishiki (grown in-house)<br>\n<strong>Polishing degree<\/strong>: 39%<br>\n<strong>Alcohol<\/strong>: 16%<br>\n<strong>Capacity<\/strong>: 720ml<br>\n<strong>Sake Meter Value<\/strong>: -8<br>\n<strong>Serving temperature<\/strong>: 8-12 \u00b0C<br>\n<strong>Goes well with<\/strong>: Fish, meat<br>\n<strong>Ingredients<\/strong>: Water, rice, koji, yeast<\/p>","protected":false},"featured_media":3599,"template":"","meta":[],"product_brand":[58],"product_cat":[67,68],"product_tag":[41,79],"class_list":{"0":"post-3598","1":"product","2":"type-product","3":"status-publish","4":"has-post-thumbnail","6":"product_brand-sake","7":"product_cat-fjunmai-daiginjo","8":"product_cat-bsake","9":"product_tag-fruitig","10":"product_tag-nagano","12":"first","13":"instock","14":"taxable","15":"shipping-taxable","16":"purchasable","17":"product-type-simple"},"_links":{"self":[{"href":"https:\/\/ohmysake.com\/en\/wp-json\/wp\/v2\/product\/3598","targetHints":{"allow":["GET"]}}],"collection":[{"href":"https:\/\/ohmysake.com\/en\/wp-json\/wp\/v2\/product"}],"about":[{"href":"https:\/\/ohmysake.com\/en\/wp-json\/wp\/v2\/types\/product"}],"wp:featuredmedia":[{"embeddable":true,"href":"https:\/\/ohmysake.com\/en\/wp-json\/wp\/v2\/media\/3599"}],"wp:attachment":[{"href":"https:\/\/ohmysake.com\/en\/wp-json\/wp\/v2\/media?parent=3598"}],"wp:term":[{"taxonomy":"product_brand","embeddable":true,"href":"https:\/\/ohmysake.com\/en\/wp-json\/wp\/v2\/product_brand?post=3598"},{"taxonomy":"product_cat","embeddable":true,"href":"https:\/\/ohmysake.com\/en\/wp-json\/wp\/v2\/product_cat?post=3598"},{"taxonomy":"product_tag","embeddable":true,"href":"https:\/\/ohmysake.com\/en\/wp-json\/wp\/v2\/product_tag?post=3598"}],"curies":[{"name":"wp","href":"https:\/\/api.w.org\/{rel}","templated":true}]}}